{"id":21788,"date":"2019-11-15T11:47:40","date_gmt":"2019-11-15T11:47:40","guid":{"rendered":"https:\/\/envesrevenue.com\/?page_id=21788"},"modified":"2020-11-20T19:32:10","modified_gmt":"2020-11-20T18:32:10","slug":"contacto","status":"publish","type":"page","link":"https:\/\/envesrevenue.com\/gl\/contacto\/","title":{"rendered":"Contacto"},"content":{"rendered":"<div     class=\"vc_row wpb_row section vc_row-fluid  grid_section\" style=' padding-top:96px; padding-bottom:96px; text-align:left;'><div class=\"section_inner clearfix\"><div class='section_inner_margin clearfix'><div class=\"wpb_column vc_column_container vc_col-sm-12 vc_col-md-6\"><div class=\"vc_column-inner\"><div class=\"wpb_wrapper\">\n\t<div class=\"wpb_text_column wpb_content_element\">\n\t\t<div class=\"wpb_wrapper\">\n\t\t\t<h2>Como podemos axudarte?<\/h2>\n\n\t\t<\/div> \n\t<\/div> <div class=\"vc_empty_space\"   style=\"height: 16px\"><span class=\"vc_empty_space_inner\"><\/span><\/div>\n\t<div class=\"wpb_text_column wpb_content_element\">\n\t\t<div class=\"wpb_wrapper\">\n\t\t\t<h4>Se queres que os beneficios do teu establecemento medren, reducir costes ou mellorar a xesti\u00f3n da t\u00faa reputaci\u00f3n online estaremos encanatados de axudarte.<\/h4>\n\n\t\t<\/div> \n\t<\/div> <div class=\"vc_empty_space\"   style=\"height: 48px\"><span class=\"vc_empty_space_inner\"><\/span><\/div>\n\t<div class=\"wpb_text_column wpb_content_element\">\n\t\t<div class=\"wpb_wrapper\">\n\t\t\t<p><strong>ONDE ESTAMOS<\/strong><\/p>\n<p>Calle Manso 5, entresuelo izquierda<br \/>\n33203 Gij\u00f3n<br \/>\nAsturias<\/p>\n\n\t\t<\/div> \n\t<\/div> <div class=\"vc_empty_space\"   style=\"height: 24px\"><span class=\"vc_empty_space_inner\"><\/span><\/div>\n\t<div class=\"wpb_text_column wpb_content_element\">\n\t\t<div class=\"wpb_wrapper\">\n\t\t\t<p><strong>CONTACTO<\/strong><\/p>\n<p><a href=\"mailto:hola@envesrevenue.com\">hola@envesrevenue.com<\/a><br \/>\n611 687 587<\/p>\n\n\t\t<\/div> \n\t<\/div> <\/div><\/div><\/div><\/div><\/div><\/div><div     class=\"vc_row wpb_row section vc_row-fluid  grid_section\" style=' text-align:left;'><div class=\"section_inner clearfix\"><div class='section_inner_margin clearfix'><div class=\"wpb_column vc_column_container vc_col-sm-12\"><div class=\"vc_column-inner\"><div class=\"wpb_wrapper\"><div class=\"wpb_gmaps_widget wpb_content_element\"><div class=\"wpb_wrapper\"><div class=\"wpb_map_wraper\"><iframe loading=\"lazy\" src=\"https:\/\/www.google.com\/maps\/embed?pb=!1m18!1m12!1m3!1d23143.38995144179!2d-5.67202732640776!3d43.52478288115918!2m3!1f0!2f0!3f0!3m2!1i1024!2i768!4f13.1!3m3!1m2!1s0xd367d4fd0e8cccb%3A0x3b8867dee0ffa67d!2sEnv%C3%A9s%20Revenue!5e0!3m2!1sen!2ses!4v1605896962344!5m2!1sen!2ses\" width=\"400\" height=\"300\" frameborder=\"0\" style=\"border:0;\" allowfullscreen=\"\" aria-hidden=\"false\" tabindex=\"0\"><\/iframe><\/div><\/div><\/div><div class=\"vc_empty_space\"   style=\"height: 24px\"><span class=\"vc_empty_space_inner\"><\/span><\/div><\/div><\/div><\/div><\/div><\/div><\/div>","protected":false},"excerpt":{"rendered":"\u00bfComo podemos ayudarte? Si quieres aumentar los beneficios de tu establecimiento, reducir costes o mejorar la gesti\u00f3n de tu reputaci\u00f3n online estaremos encantados de ayudarte. D\u00d3NDE ESTAMOS Calle Manso 5, entresuelo izquierda 33203 Gij\u00f3n Asturias CONTACTO hola@envesrevenue.com 611 687 587","protected":false},"author":2,"featured_media":22078,"parent":0,"menu_order":0,"comment_status":"closed","ping_status":"closed","template":"full_width.php","meta":{"footnotes":""},"class_list":["post-21788","page","type-page","status-publish","has-post-thumbnail","hentry"],"yoast_head":"<!-- This site is optimized with the Yoast SEO plugin v27.3 - https:\/\/yoast.com\/product\/yoast-seo-wordpress\/ -->\n<title>Contacto - ENV&Eacute;S<\/title>\n<meta name=\"description\" content=\"Si quieres aumentar los beneficios de tu establecimiento, reducir costes o mejorar la gesti\u00f3n de tu reputaci\u00f3n online estaremos encantados de ayudarte.\" \/>\n<meta name=\"robots\" content=\"index, follow, max-snippet:-1, max-image-preview:large, max-video-preview:-1\" \/>\n<link rel=\"canonical\" href=\"https:\/\/myblog-gz3o2pzy2d.live-website.com\/contacto\/\" \/>\n<meta property=\"og:locale\" content=\"gl_ES\" \/>\n<meta property=\"og:type\" content=\"article\" \/>\n<meta property=\"og:title\" content=\"Contacto - ENV&Eacute;S\" \/>\n<meta property=\"og:description\" content=\"Si quieres aumentar los beneficios de tu establecimiento, reducir costes o mejorar la gesti\u00f3n de tu reputaci\u00f3n online estaremos encantados de ayudarte.\" \/>\n<meta property=\"og:url\" content=\"https:\/\/myblog-gz3o2pzy2d.live-website.com\/contacto\/\" \/>\n<meta property=\"og:site_name\" content=\"ENV&Eacute;S\" \/>\n<meta property=\"article:publisher\" content=\"https:\/\/www.facebook.com\/envesrevenue\/\" \/>\n<meta property=\"article:modified_time\" content=\"2020-11-20T18:32:10+00:00\" \/>\n<meta property=\"og:image\" content=\"https:\/\/myblog-gz3o2pzy2d.live-website.com\/wp-content\/uploads\/2019\/12\/logo-enves.png\" \/>\n\t<meta property=\"og:image:width\" content=\"350\" \/>\n\t<meta property=\"og:image:height\" content=\"250\" \/>\n\t<meta property=\"og:image:type\" content=\"image\/png\" \/>\n<meta name=\"twitter:card\" content=\"summary_large_image\" \/>\n<meta name=\"twitter:label1\" content=\"Tempo de lectura\" \/>\n\t<meta name=\"twitter:data1\" content=\"1 minuto\" \/>\n<script type=\"application\/ld+json\" class=\"yoast-schema-graph\">{\"@context\":\"https:\\\/\\\/schema.org\",\"@graph\":[{\"@type\":\"WebPage\",\"@id\":\"https:\\\/\\\/myblog-gz3o2pzy2d.live-website.com\\\/contacto\\\/\",\"url\":\"https:\\\/\\\/myblog-gz3o2pzy2d.live-website.com\\\/contacto\\\/\",\"name\":\"Contacto - ENV&Eacute;S\",\"isPartOf\":{\"@id\":\"https:\\\/\\\/myblog-gz3o2pzy2d.live-website.com\\\/#website\"},\"primaryImageOfPage\":{\"@id\":\"https:\\\/\\\/myblog-gz3o2pzy2d.live-website.com\\\/contacto\\\/#primaryimage\"},\"image\":{\"@id\":\"https:\\\/\\\/myblog-gz3o2pzy2d.live-website.com\\\/contacto\\\/#primaryimage\"},\"thumbnailUrl\":\"https:\\\/\\\/envesrevenue.com\\\/wp-content\\\/uploads\\\/2019\\\/12\\\/logo-enves.png\",\"datePublished\":\"2019-11-15T11:47:40+00:00\",\"dateModified\":\"2020-11-20T18:32:10+00:00\",\"description\":\"Si quieres aumentar los beneficios de tu establecimiento, reducir costes o mejorar la gesti\u00f3n de tu reputaci\u00f3n online estaremos encantados de ayudarte.\",\"breadcrumb\":{\"@id\":\"https:\\\/\\\/myblog-gz3o2pzy2d.live-website.com\\\/contacto\\\/#breadcrumb\"},\"inLanguage\":\"gl-ES\",\"potentialAction\":[{\"@type\":\"ReadAction\",\"target\":[\"https:\\\/\\\/myblog-gz3o2pzy2d.live-website.com\\\/contacto\\\/\"]}]},{\"@type\":\"ImageObject\",\"inLanguage\":\"gl-ES\",\"@id\":\"https:\\\/\\\/myblog-gz3o2pzy2d.live-website.com\\\/contacto\\\/#primaryimage\",\"url\":\"https:\\\/\\\/envesrevenue.com\\\/wp-content\\\/uploads\\\/2019\\\/12\\\/logo-enves.png\",\"contentUrl\":\"https:\\\/\\\/envesrevenue.com\\\/wp-content\\\/uploads\\\/2019\\\/12\\\/logo-enves.png\",\"width\":350,\"height\":250},{\"@type\":\"BreadcrumbList\",\"@id\":\"https:\\\/\\\/myblog-gz3o2pzy2d.live-website.com\\\/contacto\\\/#breadcrumb\",\"itemListElement\":[{\"@type\":\"ListItem\",\"position\":1,\"name\":\"Home\",\"item\":\"https:\\\/\\\/envesrevenue.com\\\/\"},{\"@type\":\"ListItem\",\"position\":2,\"name\":\"Contacto\"}]},{\"@type\":\"WebSite\",\"@id\":\"https:\\\/\\\/myblog-gz3o2pzy2d.live-website.com\\\/#website\",\"url\":\"https:\\\/\\\/myblog-gz3o2pzy2d.live-website.com\\\/\",\"name\":\"Env\u00e9s Revenue\",\"description\":\"Revenue Management para peque&ntilde;os y medianos alojamientos\",\"publisher\":{\"@id\":\"https:\\\/\\\/myblog-gz3o2pzy2d.live-website.com\\\/#organization\"},\"potentialAction\":[{\"@type\":\"SearchAction\",\"target\":{\"@type\":\"EntryPoint\",\"urlTemplate\":\"https:\\\/\\\/myblog-gz3o2pzy2d.live-website.com\\\/?s={search_term_string}\"},\"query-input\":{\"@type\":\"PropertyValueSpecification\",\"valueRequired\":true,\"valueName\":\"search_term_string\"}}],\"inLanguage\":\"gl-ES\"},{\"@type\":\"Organization\",\"@id\":\"https:\\\/\\\/myblog-gz3o2pzy2d.live-website.com\\\/#organization\",\"name\":\"Env\u00e9s Revenue\",\"url\":\"https:\\\/\\\/myblog-gz3o2pzy2d.live-website.com\\\/\",\"logo\":{\"@type\":\"ImageObject\",\"inLanguage\":\"gl-ES\",\"@id\":\"https:\\\/\\\/myblog-gz3o2pzy2d.live-website.com\\\/#\\\/schema\\\/logo\\\/image\\\/\",\"url\":\"https:\\\/\\\/envesrevenue.com\\\/wp-content\\\/uploads\\\/2019\\\/12\\\/logo-enves.png\",\"contentUrl\":\"https:\\\/\\\/envesrevenue.com\\\/wp-content\\\/uploads\\\/2019\\\/12\\\/logo-enves.png\",\"width\":350,\"height\":250,\"caption\":\"Env\u00e9s Revenue\"},\"image\":{\"@id\":\"https:\\\/\\\/myblog-gz3o2pzy2d.live-website.com\\\/#\\\/schema\\\/logo\\\/image\\\/\"},\"sameAs\":[\"https:\\\/\\\/www.facebook.com\\\/envesrevenue\\\/\"]}]}<\/script>\n<!-- \/ Yoast SEO plugin. -->","yoast_head_json":{"title":"Contacto - ENV&Eacute;S","description":"Se queres que os beneficios do teu establecemento medren, reducir costes ou mellorar a xesti\u00f3n da t\u00faa reputaci\u00f3n online estaremos encanatados de axudarte.","robots":{"index":"index","follow":"follow","max-snippet":"max-snippet:-1","max-image-preview":"max-image-preview:large","max-video-preview":"max-video-preview:-1"},"canonical":"https:\/\/myblog-gz3o2pzy2d.live-website.com\/contacto\/","og_locale":"gl_ES","og_type":"article","og_title":"Contacto - ENV&Eacute;S","og_description":"Si quieres aumentar los beneficios de tu establecimiento, reducir costes o mejorar la gesti\u00f3n de tu reputaci\u00f3n online estaremos encantados de ayudarte.","og_url":"https:\/\/myblog-gz3o2pzy2d.live-website.com\/contacto\/","og_site_name":"ENV&Eacute;S","article_publisher":"https:\/\/www.facebook.com\/envesrevenue\/","article_modified_time":"2020-11-20T18:32:10+00:00","og_image":[{"width":350,"height":250,"url":"https:\/\/myblog-gz3o2pzy2d.live-website.com\/wp-content\/uploads\/2019\/12\/logo-enves.png","type":"image\/png"}],"twitter_card":"summary_large_image","twitter_misc":{"Tempo de lectura":"1 minuto"},"schema":{"@context":"https:\/\/schema.org","@graph":[{"@type":"WebPage","@id":"https:\/\/myblog-gz3o2pzy2d.live-website.com\/contacto\/","url":"https:\/\/myblog-gz3o2pzy2d.live-website.com\/contacto\/","name":"Contacto - ENV&Eacute;S","isPartOf":{"@id":"https:\/\/myblog-gz3o2pzy2d.live-website.com\/#website"},"primaryImageOfPage":{"@id":"https:\/\/myblog-gz3o2pzy2d.live-website.com\/contacto\/#primaryimage"},"image":{"@id":"https:\/\/myblog-gz3o2pzy2d.live-website.com\/contacto\/#primaryimage"},"thumbnailUrl":"https:\/\/envesrevenue.com\/wp-content\/uploads\/2019\/12\/logo-enves.png","datePublished":"2019-11-15T11:47:40+00:00","dateModified":"2020-11-20T18:32:10+00:00","description":"Se queres que os beneficios do teu establecemento medren, reducir costes ou mellorar a xesti\u00f3n da t\u00faa reputaci\u00f3n online estaremos encanatados de axudarte.","breadcrumb":{"@id":"https:\/\/myblog-gz3o2pzy2d.live-website.com\/contacto\/#breadcrumb"},"inLanguage":"gl-ES","potentialAction":[{"@type":"ReadAction","target":["https:\/\/myblog-gz3o2pzy2d.live-website.com\/contacto\/"]}]},{"@type":"ImageObject","inLanguage":"gl-ES","@id":"https:\/\/myblog-gz3o2pzy2d.live-website.com\/contacto\/#primaryimage","url":"https:\/\/envesrevenue.com\/wp-content\/uploads\/2019\/12\/logo-enves.png","contentUrl":"https:\/\/envesrevenue.com\/wp-content\/uploads\/2019\/12\/logo-enves.png","width":350,"height":250},{"@type":"BreadcrumbList","@id":"https:\/\/myblog-gz3o2pzy2d.live-website.com\/contacto\/#breadcrumb","itemListElement":[{"@type":"ListItem","position":1,"name":"Home","item":"https:\/\/envesrevenue.com\/"},{"@type":"ListItem","position":2,"name":"Contacto"}]},{"@type":"WebSite","@id":"https:\/\/myblog-gz3o2pzy2d.live-website.com\/#website","url":"https:\/\/myblog-gz3o2pzy2d.live-website.com\/","name":"Env\u00e9s Revenue","description":"Revenue Management para peque&ntilde;os y medianos alojamientos","publisher":{"@id":"https:\/\/myblog-gz3o2pzy2d.live-website.com\/#organization"},"potentialAction":[{"@type":"SearchAction","target":{"@type":"EntryPoint","urlTemplate":"https:\/\/myblog-gz3o2pzy2d.live-website.com\/?s={search_term_string}"},"query-input":{"@type":"PropertyValueSpecification","valueRequired":true,"valueName":"search_term_string"}}],"inLanguage":"gl-ES"},{"@type":"Organization","@id":"https:\/\/myblog-gz3o2pzy2d.live-website.com\/#organization","name":"Env\u00e9s Revenue","url":"https:\/\/myblog-gz3o2pzy2d.live-website.com\/","logo":{"@type":"ImageObject","inLanguage":"gl-ES","@id":"https:\/\/myblog-gz3o2pzy2d.live-website.com\/#\/schema\/logo\/image\/","url":"https:\/\/envesrevenue.com\/wp-content\/uploads\/2019\/12\/logo-enves.png","contentUrl":"https:\/\/envesrevenue.com\/wp-content\/uploads\/2019\/12\/logo-enves.png","width":350,"height":250,"caption":"Env\u00e9s Revenue"},"image":{"@id":"https:\/\/myblog-gz3o2pzy2d.live-website.com\/#\/schema\/logo\/image\/"},"sameAs":["https:\/\/www.facebook.com\/envesrevenue\/"]}]}},"_links":{"self":[{"href":"https:\/\/envesrevenue.com\/gl\/wp-json\/wp\/v2\/pages\/21788","targetHints":{"allow":["GET"]}}],"collection":[{"href":"https:\/\/envesrevenue.com\/gl\/wp-json\/wp\/v2\/pages"}],"about":[{"href":"https:\/\/envesrevenue.com\/gl\/wp-json\/wp\/v2\/types\/page"}],"author":[{"embeddable":true,"href":"https:\/\/envesrevenue.com\/gl\/wp-json\/wp\/v2\/users\/2"}],"replies":[{"embeddable":true,"href":"https:\/\/envesrevenue.com\/gl\/wp-json\/wp\/v2\/comments?post=21788"}],"version-history":[{"count":0,"href":"https:\/\/envesrevenue.com\/gl\/wp-json\/wp\/v2\/pages\/21788\/revisions"}],"wp:featuredmedia":[{"embeddable":true,"href":"https:\/\/envesrevenue.com\/gl\/wp-json\/wp\/v2\/media\/22078"}],"wp:attachment":[{"href":"https:\/\/envesrevenue.com\/gl\/wp-json\/wp\/v2\/media?parent=21788"}],"curies":[{"name":"wp","href":"https:\/\/api.w.org\/{rel}","templated":true}]}}