{"id":21820,"date":"2019-11-15T13:02:51","date_gmt":"2019-11-15T13:02:51","guid":{"rendered":"https:\/\/envesrevenue.com\/?page_id=21820"},"modified":"2020-12-21T15:17:52","modified_gmt":"2020-12-21T14:17:52","slug":"acerca-de-enves","status":"publish","type":"page","link":"https:\/\/envesrevenue.com\/gl\/acerca-de-enves\/","title":{"rendered":"Acerca de Env\u00e9s"},"content":{"rendered":"<div     class=\"vc_row wpb_row section vc_row-fluid  grid_section\" style=' text-align:left;'><div class=\"section_inner clearfix\"><div class='section_inner_margin clearfix'><div class=\"wpb_column vc_column_container vc_col-sm-4\"><div class=\"vc_column-inner\"><div class=\"wpb_wrapper\">\n\t<div class=\"wpb_single_image wpb_content_element vc_align_left\">\n\t\t<div class=\"wpb_wrapper\">\n\t\t\t\n\t\t\t<div class=\"vc_single_image-wrapper   vc_box_border_grey\"><img loading=\"lazy\" decoding=\"async\" width=\"350\" height=\"270\" src=\"https:\/\/envesrevenue.com\/wp-content\/uploads\/2019\/12\/enves-inspirados.jpg\" class=\"vc_single_image-img attachment-full\" alt=\"\" title=\"enves-inspirados\" srcset=\"https:\/\/envesrevenue.com\/wp-content\/uploads\/2019\/12\/enves-inspirados.jpg 350w, https:\/\/envesrevenue.com\/wp-content\/uploads\/2019\/12\/enves-inspirados-300x231.jpg 300w\" sizes=\"auto, (max-width: 350px) 100vw, 350px\" \/><\/div>\n\t\t<\/div>\n\t<\/div>\n<div class=\"separator  transparent\" style=\"margin-bottom:18px\"><\/div>\n\n\t<div class=\"wpb_text_column wpb_content_element\">\n\t\t<div class=\"wpb_wrapper\">\n\t\t\t<h2>Inspirados pola natureza<\/h2>\n\n\t\t<\/div> \n\t<\/div> <div class=\"separator  transparent\" style=\"margin-top:18px;margin-bottom:0px\"><\/div>\n\n\t<div class=\"wpb_text_column wpb_content_element\">\n\t\t<div class=\"wpb_wrapper\">\n\t\t\t<p class=\" translation-block\">O env\u00e9s \u00e9 a parte oculta que normalmente non se ve, pero que resulta necesaria para o <strong>bo funcionamento dun negocio<\/strong> e imprescindible para darlle novas oportunidades de crecemento.<\/p>\n\n\t\t<\/div> \n\t<\/div> <div class=\"vc_empty_space\"   style=\"height: 80px\"><span class=\"vc_empty_space_inner\"><\/span><\/div><\/div><\/div><\/div><div class=\"wpb_column vc_column_container vc_col-sm-4\"><div class=\"vc_column-inner\"><div class=\"wpb_wrapper\">\n\t<div class=\"wpb_single_image wpb_content_element vc_align_left\">\n\t\t<div class=\"wpb_wrapper\">\n\t\t\t\n\t\t\t<div class=\"vc_single_image-wrapper   vc_box_border_grey\"><img loading=\"lazy\" decoding=\"async\" width=\"350\" height=\"270\" src=\"https:\/\/envesrevenue.com\/wp-content\/uploads\/2019\/12\/enves-solucionespersonalizadas.jpg\" class=\"vc_single_image-img attachment-full\" alt=\"\" title=\"enves-solucionespersonalizadas\" srcset=\"https:\/\/envesrevenue.com\/wp-content\/uploads\/2019\/12\/enves-solucionespersonalizadas.jpg 350w, https:\/\/envesrevenue.com\/wp-content\/uploads\/2019\/12\/enves-solucionespersonalizadas-300x231.jpg 300w\" sizes=\"auto, (max-width: 350px) 100vw, 350px\" \/><\/div>\n\t\t<\/div>\n\t<\/div>\n<div class=\"separator  transparent\" style=\"margin-bottom:18px\"><\/div>\n\n\t<div class=\"wpb_text_column wpb_content_element\">\n\t\t<div class=\"wpb_wrapper\">\n\t\t\t<h2>Soluci\u00f3ns persoalizadas<\/h2>\n\n\t\t<\/div> \n\t<\/div> <div class=\"separator  transparent\" style=\"margin-top:18px;margin-bottom:0px\"><\/div>\n\n\t<div class=\"wpb_text_column wpb_content_element\">\n\t\t<div class=\"wpb_wrapper\">\n\t\t\t<p class=\" translation-block\">Temos unha filosofia de traballo persoalizada segundo as necesidades e caracter\u00edsticas de cada aloxamento mediante a cal desenrolaremos estratexias para facer <strong>medrar os teus beneficios e minimizar costes<\/strong><\/p>\n\n\t\t<\/div> \n\t<\/div> <div class=\"vc_empty_space\"   style=\"height: 80px\"><span class=\"vc_empty_space_inner\"><\/span><\/div><\/div><\/div><\/div><div class=\"wpb_column vc_column_container vc_col-sm-4\"><div class=\"vc_column-inner\"><div class=\"wpb_wrapper\">\n\t<div class=\"wpb_single_image wpb_content_element vc_align_left\">\n\t\t<div class=\"wpb_wrapper\">\n\t\t\t\n\t\t\t<div class=\"vc_single_image-wrapper   vc_box_border_grey\"><img loading=\"lazy\" decoding=\"async\" width=\"350\" height=\"270\" src=\"https:\/\/envesrevenue.com\/wp-content\/uploads\/2019\/12\/home-establecimientos.jpg\" class=\"vc_single_image-img attachment-full\" alt=\"\" title=\"home-establecimientos\" srcset=\"https:\/\/envesrevenue.com\/wp-content\/uploads\/2019\/12\/home-establecimientos.jpg 350w, https:\/\/envesrevenue.com\/wp-content\/uploads\/2019\/12\/home-establecimientos-300x231.jpg 300w\" sizes=\"auto, (max-width: 350px) 100vw, 350px\" \/><\/div>\n\t\t<\/div>\n\t<\/div>\n<div class=\"separator  transparent\" style=\"margin-bottom:18px\"><\/div>\n\n\t<div class=\"wpb_text_column wpb_content_element\">\n\t\t<div class=\"wpb_wrapper\">\n\t\t\t<h2>Para pequenos e medianos aloxamentos<\/h2>\n\n\t\t<\/div> \n\t<\/div> <div class=\"separator  transparent\" style=\"margin-top:18px;margin-bottom:0px\"><\/div>\n\n\t<div class=\"wpb_text_column wpb_content_element\">\n\t\t<div class=\"wpb_wrapper\">\n\t\t\t<p class=\" translation-block\">Bas\u00e1ndonos na idea do crecemento sostible, queremos dar soporte a <strong>hoteis, casas rurais, apartamentos e campings<\/strong> que loitan por medrar nun sector acaparado polas grandes corporaci\u00f3ns.<\/p>\n\n\t\t<\/div> \n\t<\/div> <div class=\"vc_empty_space\"   style=\"height: 80px\"><span class=\"vc_empty_space_inner\"><\/span><\/div><\/div><\/div><\/div><\/div><\/div><\/div><div     class=\"vc_row wpb_row section vc_row-fluid\" style=' text-align:left;'><div class=\"full_section_inner clearfix\"><div class=\"wpb_column vc_column_container vc_col-sm-12\"><div class=\"vc_column-inner\"><div class=\"wpb_wrapper\"><div class=\"vc_empty_space\"   style=\"height: 16px\"><span class=\"vc_empty_space_inner\"><\/span><\/div><\/div><\/div><\/div><\/div><\/div><div     class=\"vc_row wpb_row section vc_row-fluid vc_custom_1575376059803 grid_section\" style=' padding-top:48px; padding-bottom:48px; text-align:left;'><div class=\"section_inner clearfix\"><div class='section_inner_margin clearfix'><div class=\"wpb_column vc_column_container vc_col-sm-12\"><div class=\"vc_column-inner\"><div class=\"wpb_wrapper\">\n\t<div class=\"wpb_text_column wpb_content_element\">\n\t\t<div class=\"wpb_wrapper\">\n\t\t\t<h2 style=\"text-align: center;\">Unha equipa a t\u00faa disposici\u00f3n<\/h2>\n\n\t\t<\/div> \n\t<\/div> <\/div><\/div><\/div><\/div><\/div><\/div><div     class=\"vc_row wpb_row section vc_row-fluid vc_custom_1575461653935 grid_section\" style=' text-align:left;'><div class=\"section_inner clearfix\"><div class='section_inner_margin clearfix'><div class=\"wpb_column vc_column_container vc_col-sm-3\"><div class=\"vc_column-inner\"><div class=\"wpb_wrapper\"><div class='q_team with_padding info_hover'><div class='q_team_inner'><div class='q_team_image'><img decoding=\"async\" src=\"https:\/\/envesrevenue.com\/wp-content\/uploads\/2019\/12\/sarasantos2.jpg\" alt=\"team_image\"  \/><div class='q_team_social_holder'  style='background-color:#64b22f;'><div class='q_team_social'><div class='q_team_social_inner'><div class='q_team_title_holder'><h3 class='q_team_name' style =\"color: #ffffff;font-size: 20px;font-weight: 400;text-transform: capitalize\">Sara Santos<\/h3><h6 class='q_team_position' style =\"color: #ffffff;font-size: 16px;font-weight: 400;text-transform: capitalize\">Revenue Manager<\/h6><\/div><div class='q_team_social_on_hover'><\/div><\/div><\/div><\/div><\/div><\/div><\/div><div class=\"vc_empty_space\"   style=\"height: 64px\"><span class=\"vc_empty_space_inner\"><\/span><\/div><\/div><\/div><\/div><div class=\"wpb_column vc_column_container vc_col-sm-3\"><div class=\"vc_column-inner\"><div class=\"wpb_wrapper\"><div class='q_team with_padding info_hover'><div class='q_team_inner'><div class='q_team_image'><img decoding=\"async\" src=\"https:\/\/envesrevenue.com\/wp-content\/uploads\/2019\/12\/rodrigoalvarez.jpg\" alt=\"team_image\"  \/><div class='q_team_social_holder'  style='background-color:#64b22f;'><div class='q_team_social'><div class='q_team_social_inner'><div class='q_team_title_holder'><h3 class='q_team_name' style =\"color: #ffffff;font-size: 20px;font-weight: 400;text-transform: capitalize\">Rodrigo \u00c1lvarez<\/h3><h6 class='q_team_position' style =\"color: #ffffff;font-size: 16px;font-weight: 400;text-transform: capitalize\">Programador<\/h6><\/div><div class='q_team_social_on_hover'><\/div><\/div><\/div><\/div><\/div><\/div><\/div><div class=\"vc_empty_space\"   style=\"height: 64px\"><span class=\"vc_empty_space_inner\"><\/span><\/div><\/div><\/div><\/div><div class=\"wpb_column vc_column_container vc_col-sm-3\"><div class=\"vc_column-inner\"><div class=\"wpb_wrapper\"><div class='q_team with_padding info_hover'><div class='q_team_inner'><div class='q_team_image'><img decoding=\"async\" src=\"https:\/\/envesrevenue.com\/wp-content\/uploads\/2019\/12\/rubenmegido.jpg\" alt=\"team_image\"  \/><div class='q_team_social_holder'  style='background-color:#64b22f;'><div class='q_team_social'><div class='q_team_social_inner'><div class='q_team_title_holder'><h3 class='q_team_name' style =\"color: #ffffff;font-size: 20px;font-weight: 400;text-transform: capitalize\">Rub\u00e9n Megido<\/h3><h6 class='q_team_position' style =\"color: #ffffff;font-size: 16px;font-weight: 400;text-transform: capitalize\">Dese\u00f1ador Gr\u00e1fico<\/h6><\/div><div class='q_team_social_on_hover'><span class='q_social_icon_holder with_link normal_social' data-hover-color=\"#333333\"><a href='https:\/\/www.facebook.com\/rugidoillustration' target='_blank'><span class='social_icon social_facebook  simple_social' style='color: #ffffff;'><\/span><\/a><\/span><span class='q_social_icon_holder with_link normal_social' data-hover-color=\"#333333\"><a href='https:\/\/www.instagram.com\/rugidoillustration' target='_blank'><span class='social_icon social_instagram  simple_social' style='color: #ffffff;'><\/span><\/a><\/span><span class='q_social_icon_holder with_link normal_social' data-hover-color=\"#333333\"><a href='https:\/\/rugido.es' target='_self'><span class='social_icon social_wordpress  simple_social' style='color: #ffffff;'><\/span><\/a><\/span><\/div><\/div><\/div><\/div><\/div><\/div><\/div><\/div><\/div><\/div><\/div><\/div><\/div><div     class=\"vc_row wpb_row section vc_row-fluid vc_custom_1575461653935 grid_section\" style=' text-align:left;'><div class=\"section_inner clearfix\"><div class='section_inner_margin clearfix'><div class=\"wpb_column vc_column_container vc_col-sm-12\"><div class=\"vc_column-inner\"><div class=\"wpb_wrapper\"><div class=\"vc_empty_space\"   style=\"height: 64px\"><span class=\"vc_empty_space_inner\"><\/span><\/div><\/div><\/div><\/div><\/div><\/div><\/div>","protected":false},"excerpt":{"rendered":"Inspirados por la naturaleza El env\u00e9s es la parte oculta que normalmente no se ve pero que resulta necesaria para el buen\u00a0funcionamiento de un negocio e imprescindible para darle nuevas oportunidades de crecimiento. Soluciones personalizadas Tenemos una filosof\u00eda de trabajo personalizada seg\u00fan las necesidades y...","protected":false},"author":2,"featured_media":22210,"parent":0,"menu_order":0,"comment_status":"closed","ping_status":"closed","template":"full_width.php","meta":{"footnotes":""},"class_list":["post-21820","page","type-page","status-publish","has-post-thumbnail","hentry"],"yoast_head":"<!-- This site is optimized with the Yoast SEO plugin v27.3 - https:\/\/yoast.com\/product\/yoast-seo-wordpress\/ -->\n<title>Acerca de Env\u00e9s - ENV&Eacute;S<\/title>\n<meta name=\"description\" content=\"Somos una empresa especializada en servicios de Revenue Management para peque\u00f1os y medianos establecimientos tur\u00edsticos.\" \/>\n<meta name=\"robots\" content=\"index, follow, max-snippet:-1, max-image-preview:large, max-video-preview:-1\" \/>\n<link rel=\"canonical\" href=\"https:\/\/myblog-gz3o2pzy2d.live-website.com\/acerca-de-enves\/\" \/>\n<meta property=\"og:locale\" content=\"gl_ES\" \/>\n<meta property=\"og:type\" content=\"article\" \/>\n<meta property=\"og:title\" content=\"Acerca de Env\u00e9s - ENV&Eacute;S\" \/>\n<meta property=\"og:description\" content=\"Somos una empresa especializada en servicios de Revenue Management para peque\u00f1os y medianos establecimientos tur\u00edsticos.\" \/>\n<meta property=\"og:url\" content=\"https:\/\/myblog-gz3o2pzy2d.live-website.com\/acerca-de-enves\/\" \/>\n<meta property=\"og:site_name\" content=\"ENV&Eacute;S\" \/>\n<meta property=\"article:publisher\" content=\"https:\/\/www.facebook.com\/envesrevenue\/\" \/>\n<meta property=\"article:modified_time\" content=\"2020-12-21T14:17:52+00:00\" \/>\n<meta property=\"og:image\" content=\"https:\/\/myblog-gz3o2pzy2d.live-website.com\/wp-content\/uploads\/2019\/12\/enves-inspirados.jpg\" \/>\n\t<meta property=\"og:image:width\" content=\"350\" \/>\n\t<meta property=\"og:image:height\" content=\"270\" \/>\n\t<meta property=\"og:image:type\" content=\"image\/jpeg\" \/>\n<meta name=\"twitter:card\" content=\"summary_large_image\" \/>\n<meta name=\"twitter:label1\" content=\"Tempo de lectura\" \/>\n\t<meta name=\"twitter:data1\" content=\"4 minutos\" \/>\n<script type=\"application\/ld+json\" class=\"yoast-schema-graph\">{\"@context\":\"https:\\\/\\\/schema.org\",\"@graph\":[{\"@type\":\"WebPage\",\"@id\":\"https:\\\/\\\/myblog-gz3o2pzy2d.live-website.com\\\/acerca-de-enves\\\/\",\"url\":\"https:\\\/\\\/myblog-gz3o2pzy2d.live-website.com\\\/acerca-de-enves\\\/\",\"name\":\"Acerca de Env\u00e9s - ENV&Eacute;S\",\"isPartOf\":{\"@id\":\"https:\\\/\\\/myblog-gz3o2pzy2d.live-website.com\\\/#website\"},\"primaryImageOfPage\":{\"@id\":\"https:\\\/\\\/myblog-gz3o2pzy2d.live-website.com\\\/acerca-de-enves\\\/#primaryimage\"},\"image\":{\"@id\":\"https:\\\/\\\/myblog-gz3o2pzy2d.live-website.com\\\/acerca-de-enves\\\/#primaryimage\"},\"thumbnailUrl\":\"https:\\\/\\\/envesrevenue.com\\\/wp-content\\\/uploads\\\/2019\\\/12\\\/enves-inspirados.jpg\",\"datePublished\":\"2019-11-15T13:02:51+00:00\",\"dateModified\":\"2020-12-21T14:17:52+00:00\",\"description\":\"Somos una empresa especializada en servicios de Revenue Management para peque\u00f1os y medianos establecimientos tur\u00edsticos.\",\"breadcrumb\":{\"@id\":\"https:\\\/\\\/myblog-gz3o2pzy2d.live-website.com\\\/acerca-de-enves\\\/#breadcrumb\"},\"inLanguage\":\"gl-ES\",\"potentialAction\":[{\"@type\":\"ReadAction\",\"target\":[\"https:\\\/\\\/myblog-gz3o2pzy2d.live-website.com\\\/acerca-de-enves\\\/\"]}]},{\"@type\":\"ImageObject\",\"inLanguage\":\"gl-ES\",\"@id\":\"https:\\\/\\\/myblog-gz3o2pzy2d.live-website.com\\\/acerca-de-enves\\\/#primaryimage\",\"url\":\"https:\\\/\\\/envesrevenue.com\\\/wp-content\\\/uploads\\\/2019\\\/12\\\/enves-inspirados.jpg\",\"contentUrl\":\"https:\\\/\\\/envesrevenue.com\\\/wp-content\\\/uploads\\\/2019\\\/12\\\/enves-inspirados.jpg\",\"width\":350,\"height\":270},{\"@type\":\"BreadcrumbList\",\"@id\":\"https:\\\/\\\/myblog-gz3o2pzy2d.live-website.com\\\/acerca-de-enves\\\/#breadcrumb\",\"itemListElement\":[{\"@type\":\"ListItem\",\"position\":1,\"name\":\"Home\",\"item\":\"https:\\\/\\\/envesrevenue.com\\\/\"},{\"@type\":\"ListItem\",\"position\":2,\"name\":\"Acerca de Env\u00e9s\"}]},{\"@type\":\"WebSite\",\"@id\":\"https:\\\/\\\/myblog-gz3o2pzy2d.live-website.com\\\/#website\",\"url\":\"https:\\\/\\\/myblog-gz3o2pzy2d.live-website.com\\\/\",\"name\":\"Env\u00e9s Revenue\",\"description\":\"Revenue Management para peque&ntilde;os y medianos alojamientos\",\"publisher\":{\"@id\":\"https:\\\/\\\/myblog-gz3o2pzy2d.live-website.com\\\/#organization\"},\"potentialAction\":[{\"@type\":\"SearchAction\",\"target\":{\"@type\":\"EntryPoint\",\"urlTemplate\":\"https:\\\/\\\/myblog-gz3o2pzy2d.live-website.com\\\/?s={search_term_string}\"},\"query-input\":{\"@type\":\"PropertyValueSpecification\",\"valueRequired\":true,\"valueName\":\"search_term_string\"}}],\"inLanguage\":\"gl-ES\"},{\"@type\":\"Organization\",\"@id\":\"https:\\\/\\\/myblog-gz3o2pzy2d.live-website.com\\\/#organization\",\"name\":\"Env\u00e9s Revenue\",\"url\":\"https:\\\/\\\/myblog-gz3o2pzy2d.live-website.com\\\/\",\"logo\":{\"@type\":\"ImageObject\",\"inLanguage\":\"gl-ES\",\"@id\":\"https:\\\/\\\/myblog-gz3o2pzy2d.live-website.com\\\/#\\\/schema\\\/logo\\\/image\\\/\",\"url\":\"https:\\\/\\\/envesrevenue.com\\\/wp-content\\\/uploads\\\/2019\\\/12\\\/logo-enves.png\",\"contentUrl\":\"https:\\\/\\\/envesrevenue.com\\\/wp-content\\\/uploads\\\/2019\\\/12\\\/logo-enves.png\",\"width\":350,\"height\":250,\"caption\":\"Env\u00e9s Revenue\"},\"image\":{\"@id\":\"https:\\\/\\\/myblog-gz3o2pzy2d.live-website.com\\\/#\\\/schema\\\/logo\\\/image\\\/\"},\"sameAs\":[\"https:\\\/\\\/www.facebook.com\\\/envesrevenue\\\/\"]}]}<\/script>\n<!-- \/ Yoast SEO plugin. -->","yoast_head_json":{"title":"Acerca de Env\u00e9s - ENV&Eacute;S","description":"Somos una empresa especializada en servicios de Revenue Management para peque\u00f1os y medianos establecimientos tur\u00edsticos.","robots":{"index":"index","follow":"follow","max-snippet":"max-snippet:-1","max-image-preview":"max-image-preview:large","max-video-preview":"max-video-preview:-1"},"canonical":"https:\/\/myblog-gz3o2pzy2d.live-website.com\/acerca-de-enves\/","og_locale":"gl_ES","og_type":"article","og_title":"Acerca de Env\u00e9s - ENV&Eacute;S","og_description":"Somos una empresa especializada en servicios de Revenue Management para peque\u00f1os y medianos establecimientos tur\u00edsticos.","og_url":"https:\/\/myblog-gz3o2pzy2d.live-website.com\/acerca-de-enves\/","og_site_name":"ENV&Eacute;S","article_publisher":"https:\/\/www.facebook.com\/envesrevenue\/","article_modified_time":"2020-12-21T14:17:52+00:00","og_image":[{"width":350,"height":270,"url":"https:\/\/myblog-gz3o2pzy2d.live-website.com\/wp-content\/uploads\/2019\/12\/enves-inspirados.jpg","type":"image\/jpeg"}],"twitter_card":"summary_large_image","twitter_misc":{"Tempo de lectura":"4 minutos"},"schema":{"@context":"https:\/\/schema.org","@graph":[{"@type":"WebPage","@id":"https:\/\/myblog-gz3o2pzy2d.live-website.com\/acerca-de-enves\/","url":"https:\/\/myblog-gz3o2pzy2d.live-website.com\/acerca-de-enves\/","name":"Acerca de Env\u00e9s - ENV&Eacute;S","isPartOf":{"@id":"https:\/\/myblog-gz3o2pzy2d.live-website.com\/#website"},"primaryImageOfPage":{"@id":"https:\/\/myblog-gz3o2pzy2d.live-website.com\/acerca-de-enves\/#primaryimage"},"image":{"@id":"https:\/\/myblog-gz3o2pzy2d.live-website.com\/acerca-de-enves\/#primaryimage"},"thumbnailUrl":"https:\/\/envesrevenue.com\/wp-content\/uploads\/2019\/12\/enves-inspirados.jpg","datePublished":"2019-11-15T13:02:51+00:00","dateModified":"2020-12-21T14:17:52+00:00","description":"Somos una empresa especializada en servicios de Revenue Management para peque\u00f1os y medianos establecimientos tur\u00edsticos.","breadcrumb":{"@id":"https:\/\/myblog-gz3o2pzy2d.live-website.com\/acerca-de-enves\/#breadcrumb"},"inLanguage":"gl-ES","potentialAction":[{"@type":"ReadAction","target":["https:\/\/myblog-gz3o2pzy2d.live-website.com\/acerca-de-enves\/"]}]},{"@type":"ImageObject","inLanguage":"gl-ES","@id":"https:\/\/myblog-gz3o2pzy2d.live-website.com\/acerca-de-enves\/#primaryimage","url":"https:\/\/envesrevenue.com\/wp-content\/uploads\/2019\/12\/enves-inspirados.jpg","contentUrl":"https:\/\/envesrevenue.com\/wp-content\/uploads\/2019\/12\/enves-inspirados.jpg","width":350,"height":270},{"@type":"BreadcrumbList","@id":"https:\/\/myblog-gz3o2pzy2d.live-website.com\/acerca-de-enves\/#breadcrumb","itemListElement":[{"@type":"ListItem","position":1,"name":"Home","item":"https:\/\/envesrevenue.com\/"},{"@type":"ListItem","position":2,"name":"Acerca de Env\u00e9s"}]},{"@type":"WebSite","@id":"https:\/\/myblog-gz3o2pzy2d.live-website.com\/#website","url":"https:\/\/myblog-gz3o2pzy2d.live-website.com\/","name":"Env\u00e9s Revenue","description":"Revenue Management para peque&ntilde;os y medianos alojamientos","publisher":{"@id":"https:\/\/myblog-gz3o2pzy2d.live-website.com\/#organization"},"potentialAction":[{"@type":"SearchAction","target":{"@type":"EntryPoint","urlTemplate":"https:\/\/myblog-gz3o2pzy2d.live-website.com\/?s={search_term_string}"},"query-input":{"@type":"PropertyValueSpecification","valueRequired":true,"valueName":"search_term_string"}}],"inLanguage":"gl-ES"},{"@type":"Organization","@id":"https:\/\/myblog-gz3o2pzy2d.live-website.com\/#organization","name":"Env\u00e9s Revenue","url":"https:\/\/myblog-gz3o2pzy2d.live-website.com\/","logo":{"@type":"ImageObject","inLanguage":"gl-ES","@id":"https:\/\/myblog-gz3o2pzy2d.live-website.com\/#\/schema\/logo\/image\/","url":"https:\/\/envesrevenue.com\/wp-content\/uploads\/2019\/12\/logo-enves.png","contentUrl":"https:\/\/envesrevenue.com\/wp-content\/uploads\/2019\/12\/logo-enves.png","width":350,"height":250,"caption":"Env\u00e9s Revenue"},"image":{"@id":"https:\/\/myblog-gz3o2pzy2d.live-website.com\/#\/schema\/logo\/image\/"},"sameAs":["https:\/\/www.facebook.com\/envesrevenue\/"]}]}},"_links":{"self":[{"href":"https:\/\/envesrevenue.com\/gl\/wp-json\/wp\/v2\/pages\/21820","targetHints":{"allow":["GET"]}}],"collection":[{"href":"https:\/\/envesrevenue.com\/gl\/wp-json\/wp\/v2\/pages"}],"about":[{"href":"https:\/\/envesrevenue.com\/gl\/wp-json\/wp\/v2\/types\/page"}],"author":[{"embeddable":true,"href":"https:\/\/envesrevenue.com\/gl\/wp-json\/wp\/v2\/users\/2"}],"replies":[{"embeddable":true,"href":"https:\/\/envesrevenue.com\/gl\/wp-json\/wp\/v2\/comments?post=21820"}],"version-history":[{"count":0,"href":"https:\/\/envesrevenue.com\/gl\/wp-json\/wp\/v2\/pages\/21820\/revisions"}],"wp:featuredmedia":[{"embeddable":true,"href":"https:\/\/envesrevenue.com\/gl\/wp-json\/wp\/v2\/media\/22210"}],"wp:attachment":[{"href":"https:\/\/envesrevenue.com\/gl\/wp-json\/wp\/v2\/media?parent=21820"}],"curies":[{"name":"wp","href":"https:\/\/api.w.org\/{rel}","templated":true}]}}