{"id":21841,"date":"2019-11-15T13:18:58","date_gmt":"2019-11-15T13:18:58","guid":{"rendered":"https:\/\/envesrevenue.com\/?page_id=21841"},"modified":"2020-01-30T10:24:50","modified_gmt":"2020-01-30T09:24:50","slug":"revenue-management","status":"publish","type":"page","link":"https:\/\/envesrevenue.com\/gl\/revenue-management\/","title":{"rendered":"Revenue Management"},"content":{"rendered":"<div     class=\"vc_row wpb_row section vc_row-fluid vc_custom_1574159254103\" style=' padding-top:75px; padding-bottom:75px; text-align:left;'><div class=\"full_section_inner clearfix\"><div class=\"wpb_column vc_column_container vc_col-sm-12\"><div class=\"vc_column-inner\"><div class=\"wpb_wrapper\"><div     class=\"vc_row wpb_row vc_inner section vc_row-fluid grid_section\" style=' text-align:left;'><div class=\"section_inner clearfix\"><div class='section_inner_margin clearfix'><div class=\"wpb_column vc_column_container vc_col-sm-4\"><div class=\"vc_column-inner\"><div class=\"wpb_wrapper\"><div class='q_icon_with_title   center with_custom_icon'><div class=\"icon_holder q_icon_animation\" style=\"margin: 0 0 0 0; transition-delay: 150ms; -webkit-transition-delay: 150ms; -moz-transition-delay: 150ms; -o-transition-delay: 150ms;\"><div class=\"icon_holder_inner\"><img loading=\"lazy\" decoding=\"async\" width=\"100\" height=\"100\" src=\"https:\/\/envesrevenue.com\/wp-content\/uploads\/2019\/12\/icono-auditoria.png\" class=\"attachment-full size-full\" alt=\"\" \/><\/div><\/div><div class=\"icon_text_holder\" style=\"\"><div class=\"icon_text_inner\" style=\"\"><h5 class=\"icon_title\" style=\"color: #333333\">Auditoria previa<\/h5><p style='color: #8a8a8a'>Analizamos o teu negocio, plantexando unha nova estratexia de prezos e distribuci\u00f3n.<\/p><\/div><\/div><\/div><div class=\"vc_empty_space\"   style=\"height: 48px\"><span class=\"vc_empty_space_inner\"><\/span><\/div><\/div><\/div><\/div><div class=\"wpb_column vc_column_container vc_col-sm-4\"><div class=\"vc_column-inner\"><div class=\"wpb_wrapper\"><div class='q_icon_with_title   center with_custom_icon'><div class=\"icon_holder q_icon_animation\" style=\"margin: 0 0 0 0; transition-delay: 150ms; -webkit-transition-delay: 150ms; -moz-transition-delay: 150ms; -o-transition-delay: 150ms;\"><div class=\"icon_holder_inner\"><img loading=\"lazy\" decoding=\"async\" width=\"100\" height=\"100\" src=\"https:\/\/envesrevenue.com\/wp-content\/uploads\/2019\/12\/icono-crecimiento.png\" class=\"attachment-full size-full\" alt=\"\" \/><\/div><\/div><div class=\"icon_text_holder\" style=\"\"><div class=\"icon_text_inner\" style=\"\"><h5 class=\"icon_title\" style=\"color: #333333\">Optimizaci\u00f3n dos ingresos e gastos<\/h5><p style='color: #8a8a8a'>Melloramos a xesti\u00f3n de reservas para acadar o m\u00e1ximo beneficio de cada praza.<\/p><\/div><\/div><\/div><div class=\"vc_empty_space\"   style=\"height: 48px\"><span class=\"vc_empty_space_inner\"><\/span><\/div><\/div><\/div><\/div><div class=\"wpb_column vc_column_container vc_col-sm-4\"><div class=\"vc_column-inner\"><div class=\"wpb_wrapper\"><div class='q_icon_with_title   center with_custom_icon'><div class=\"icon_holder q_icon_animation\" style=\"margin: 0 0 0 0; transition-delay: 300ms; -webkit-transition-delay: 300ms; -moz-transition-delay: 300ms; -o-transition-delay: 300ms;\"><div class=\"icon_holder_inner\"><img loading=\"lazy\" decoding=\"async\" width=\"100\" height=\"100\" src=\"https:\/\/envesrevenue.com\/wp-content\/uploads\/2019\/12\/icono-formacion.png\" class=\"attachment-full size-full\" alt=\"\" \/><\/div><\/div><div class=\"icon_text_holder\" style=\"\"><div class=\"icon_text_inner\" style=\"\"><h5 class=\"icon_title\" style=\"color: #333333\">Formaci\u00f3n de persoal<\/h5><p style='color: #8a8a8a'>A estratexia sempre ser\u00e1 consensuada, explicada e entendida polas persoas responsables do aloxamento.<\/p><\/div><\/div><\/div><\/div><\/div><\/div><\/div><\/div><\/div><\/div><\/div><\/div><\/div><\/div><div     class=\"vc_row wpb_row section vc_row-fluid\" style=' text-align:left;'><div class=\"full_section_inner clearfix\"><div class=\"wpb_column vc_column_container vc_col-sm-12\"><div class=\"vc_column-inner\"><div class=\"wpb_wrapper\"><div class=\"vc_empty_space\"   style=\"height: 100px\"><span class=\"vc_empty_space_inner\"><\/span><\/div><\/div><\/div><\/div><\/div><\/div><div     class=\"vc_row wpb_row section vc_row-fluid  grid_section\" style=' text-align:left;'><div class=\"section_inner clearfix\"><div class='section_inner_margin clearfix'><div class=\"wpb_column vc_column_container vc_col-sm-12\"><div class=\"vc_column-inner\"><div class=\"wpb_wrapper\">\n\t<div class=\"wpb_text_column wpb_content_element\">\n\t\t<div class=\"wpb_wrapper\">\n\t\t\t<h2>Paso 1 \u2013 Estudo e renovaci\u00f3n da estratexia<\/h2>\n\n\t\t<\/div> \n\t<\/div> <div class=\"vc_empty_space\"   style=\"height: 48px\"><span class=\"vc_empty_space_inner\"><\/span><\/div><div     class=\"vc_row wpb_row vc_inner section vc_row-fluid\" style=' text-align:left;'><div class=\"full_section_inner clearfix\"><div class=\"wpb_column vc_column_container vc_col-sm-6\"><div class=\"vc_column-inner\"><div class=\"wpb_wrapper\">\n\t<div class=\"wpb_text_column wpb_content_element\">\n\t\t<div class=\"wpb_wrapper\">\n\t\t\t<p>Para saber a onde queremos chegar, necesitamos saber primeiro en que situaci\u00f3n atop\u00e1monos. Noso proceso comenza efectuando unha auditoria para co\u00f1ecer cales son as caracter\u00edsticas do teu establecemento e as s\u00faas necesidades espec\u00edficas.<\/p>\n\n\t\t<\/div> \n\t<\/div> <div class=\"separator  transparent\" style=\"margin-top:32px;margin-bottom:0px\"><\/div>\n\n\t<div class=\"wpb_text_column wpb_content_element\">\n\t\t<div class=\"wpb_wrapper\">\n\t\t\t<ul>\n<li class=\" translation-block\"><strong>Auditor\u00eda previa<\/strong> da estratexia de prezos , distribuci\u00f3n e comercializaci\u00f3n do aloxamento feita antes pola propiedade antes do comezo da colaboraci\u00f3n.<\/li>\n<li class=\" translation-block\"><strong>Plantexamento dunha estratexia de prezos<\/strong>, estudando os dados de hist\u00f3rico as\u00ed como a evoluci\u00f3n da demanda e a oferta da nosa praza.<\/li>\n<li class=\" translation-block\"><strong>Carga de prezos<\/strong> acorde coa estratexia consensuada.<\/li>\n<li class=\" translation-block\"><strong>Estratexia de distribuci\u00f3n.<\/strong> Decidiremos que canles convirtennos m\u00e1is e mellor, cales necesitamos e cales podemos prescindir delas, que condici\u00f3n deber\u00edamos negociar e como traballaremos cada unha delas.<\/li>\n<\/ul>\n\n\t\t<\/div> \n\t<\/div> <div class=\"separator  transparent\" style=\"margin-top:96px;margin-bottom:0px\"><\/div>\n<\/div><\/div><\/div><div class=\"wpb_column vc_column_container vc_col-sm-6\"><div class=\"vc_column-inner\"><div class=\"wpb_wrapper\">\n\t<div class=\"wpb_single_image wpb_content_element vc_align_left   rwd-hide\">\n\t\t<div class=\"wpb_wrapper\">\n\t\t\t\n\t\t\t<div class=\"vc_single_image-wrapper   vc_box_border_grey\"><img loading=\"lazy\" decoding=\"async\" width=\"535\" height=\"373\" src=\"https:\/\/envesrevenue.com\/wp-content\/uploads\/2019\/12\/servicios-revenue1.jpg\" class=\"vc_single_image-img attachment-full\" alt=\"\" title=\"servicios-revenue1\" srcset=\"https:\/\/envesrevenue.com\/wp-content\/uploads\/2019\/12\/servicios-revenue1.jpg 535w, https:\/\/envesrevenue.com\/wp-content\/uploads\/2019\/12\/servicios-revenue1-300x209.jpg 300w\" sizes=\"auto, (max-width: 535px) 100vw, 535px\" \/><\/div>\n\t\t<\/div>\n\t<\/div>\n<\/div><\/div><\/div><\/div><\/div><\/div><\/div><\/div><\/div><\/div><\/div><div     class=\"vc_row wpb_row section vc_row-fluid  grid_section\" style=' text-align:left;'><div class=\"section_inner clearfix\"><div class='section_inner_margin clearfix'><div class=\"wpb_column vc_column_container vc_col-sm-12\"><div class=\"vc_column-inner\"><div class=\"wpb_wrapper\">\n\t<div class=\"wpb_text_column wpb_content_element\">\n\t\t<div class=\"wpb_wrapper\">\n\t\t\t<h2>Paso 2 \u2013 Incremento dos ingresos e reduci\u00f3n dos gastos<\/h2>\n\n\t\t<\/div> \n\t<\/div> <div class=\"vc_empty_space\"   style=\"height: 48px\"><span class=\"vc_empty_space_inner\"><\/span><\/div><div     class=\"vc_row wpb_row vc_inner section vc_row-fluid\" style=' text-align:left;'><div class=\"full_section_inner clearfix\"><div class=\"wpb_column vc_column_container vc_col-sm-6\"><div class=\"vc_column-inner\"><div class=\"wpb_wrapper\">\n\t<div class=\"wpb_text_column wpb_content_element\">\n\t\t<div class=\"wpb_wrapper\">\n\t\t\t<p>Ca informaci\u00f3n obtida no paso anterior, imos a optimizar os procesos de xesti\u00f3n de reservas para conseguir o m\u00e1ximo beneficio de cada unha das prazas do noso establecemento reducindo os gastos e comisi\u00f3ns<\/p>\n\n\t\t<\/div> \n\t<\/div> <div class=\"separator  transparent\" style=\"margin-top:32px;margin-bottom:0px\"><\/div>\n\n\t<div class=\"wpb_text_column wpb_content_element\">\n\t\t<div class=\"wpb_wrapper\">\n\t\t\t<ul>\n<li><strong>Previsi\u00f3n da demanda e anticipaci\u00f3n da estratexia.<\/strong> Peri\u00f3dicamente revisarase a situaci\u00f3n para tratar de non perder ningunha das reservas que cheguen \u00f3 noso destino.<\/li>\n<li><strong>Dinamizaci\u00f3n do produto.<\/strong> En ocasi\u00f3ns, necesitamos un novo punto de vista para tratar de atopar m\u00e1is posibilidades \u00f3 noso aloxamento. Para iso, realizaremos unha visita inicial \u00e1s instalaci\u00f3ns.<\/li>\n<li><strong>Cotizaci\u00f3n de grupos. <\/strong>Debemos decidir cando nos insteresa o grupo e qu\u00e9 condici\u00f3ns darlles en funci\u00f3n da data, a ocupaci\u00f3n\u2026<\/li>\n<li><strong>Dese\u00f1o de promoci\u00f3ns e ofertas.<\/strong> Trataremos de aumentar a nosa visibilidade nos distribuidores v\u00eda campa\u00f1as ou ofertas, segundo o momento e a necesidade.<\/li>\n<li><strong>Resoluci\u00f3n de incidencias<\/strong>. Ca lectura das reservas, a tecnolox\u00eda que utilicemos ou simplemente d\u00fabidas de operativa.<\/li>\n<li><strong>Xesti\u00f3n e mantemento de ferramentas<\/strong> (PMS, Channel Manager, Motor de Reservas, OTAs&#8230;)<\/li>\n<li><strong>An\u00e1lise diario e informe peri\u00f3dico de:<\/strong>\n<ul>\n<li>Ritmo de reserva (pick up)<\/li>\n<li>Ratios (cancelaci\u00f3n, no show,&#8230;)<\/li>\n<li>Competencia<\/li>\n<li>Evoluci\u00f3n do ingreso por habitaci\u00f3n dispo\u00f1ible (RevPAr), Prezo Medio (ADR), Ocupaci\u00f3n e Notoriedade Online.<\/li>\n<\/ul>\n<\/li>\n<\/ul>\n\n\t\t<\/div> \n\t<\/div> <div class=\"separator  transparent\" style=\"margin-top:96px;margin-bottom:0px\"><\/div>\n<\/div><\/div><\/div><div class=\"wpb_column vc_column_container vc_col-sm-6\"><div class=\"vc_column-inner\"><div class=\"wpb_wrapper\">\n\t<div class=\"wpb_single_image wpb_content_element vc_align_left   rwd-hide\">\n\t\t<div class=\"wpb_wrapper\">\n\t\t\t\n\t\t\t<div class=\"vc_single_image-wrapper   vc_box_border_grey\"><img loading=\"lazy\" decoding=\"async\" width=\"535\" height=\"373\" src=\"https:\/\/envesrevenue.com\/wp-content\/uploads\/2019\/12\/servicios-revenue2.jpg\" class=\"vc_single_image-img attachment-full\" alt=\"\" title=\"servicios-revenue2\" srcset=\"https:\/\/envesrevenue.com\/wp-content\/uploads\/2019\/12\/servicios-revenue2.jpg 535w, https:\/\/envesrevenue.com\/wp-content\/uploads\/2019\/12\/servicios-revenue2-300x209.jpg 300w\" sizes=\"auto, (max-width: 535px) 100vw, 535px\" \/><\/div>\n\t\t<\/div>\n\t<\/div>\n<\/div><\/div><\/div><\/div><\/div><\/div><\/div><\/div><\/div><\/div><\/div><div     class=\"vc_row wpb_row section vc_row-fluid  grid_section\" style=' text-align:left;'><div class=\"section_inner clearfix\"><div class='section_inner_margin clearfix'><div class=\"wpb_column vc_column_container vc_col-sm-12\"><div class=\"vc_column-inner\"><div class=\"wpb_wrapper\">\n\t<div class=\"wpb_text_column wpb_content_element\">\n\t\t<div class=\"wpb_wrapper\">\n\t\t\t<h2>Paso \u2013 3 Formaci\u00f3n e aprendizaxe<\/h2>\n\n\t\t<\/div> \n\t<\/div> <div class=\"vc_empty_space\"   style=\"height: 48px\"><span class=\"vc_empty_space_inner\"><\/span><\/div><div     class=\"vc_row wpb_row vc_inner section vc_row-fluid\" style=' text-align:left;'><div class=\"full_section_inner clearfix\"><div class=\"wpb_column vc_column_container vc_col-sm-6\"><div class=\"vc_column-inner\"><div class=\"wpb_wrapper\">\n\t<div class=\"wpb_text_column wpb_content_element\">\n\t\t<div class=\"wpb_wrapper\">\n\t\t\t<p>Orient\u00e1monos a pequenos e medianos aloxamentos fuxindo da linguaxe e a complexidade das grandes corporaci\u00f3ns. Para iso, sempre estar\u00e1s ao d\u00eda das novidades na xesti\u00f3n de canles e acordaremos xuntos a estratexia \u00f3ptima para o noso aloxamento.<\/p>\n\n\t\t<\/div> \n\t<\/div> <div class=\"separator  transparent\" style=\"margin-top:32px;margin-bottom:0px\"><\/div>\n\n\t<div class=\"wpb_text_column wpb_content_element\">\n\t\t<div class=\"wpb_wrapper\">\n\t\t\t<ul>\n<li><strong>Dossier informativo <\/strong>para o uso e manexo da cada un das canles ca que traballaremos.<\/li>\n<li><strong>Elaboraci\u00f3n de estratexias<\/strong> para o incremento da venta directa.<\/li>\n<li><strong>Plan de fidelizaci\u00f3n<\/strong>Que o cliente volva \u00e9 a chave para os nosos aloxamentos, axud\u00e1mosche a desenrolar a estratexia.<\/li>\n<\/ul>\n\n\t\t<\/div> \n\t<\/div> <div class=\"separator  transparent\" style=\"margin-top:96px;margin-bottom:0px\"><\/div>\n<div class=\"vc_empty_space  rwd-hide\"   style=\"height: 100px\"><span class=\"vc_empty_space_inner\"><\/span><\/div><\/div><\/div><\/div><div class=\"wpb_column vc_column_container vc_col-sm-6\"><div class=\"vc_column-inner\"><div class=\"wpb_wrapper\">\n\t<div class=\"wpb_single_image wpb_content_element vc_align_left   rwd-hide\">\n\t\t<div class=\"wpb_wrapper\">\n\t\t\t\n\t\t\t<div class=\"vc_single_image-wrapper   vc_box_border_grey\"><img loading=\"lazy\" decoding=\"async\" width=\"535\" height=\"373\" src=\"https:\/\/envesrevenue.com\/wp-content\/uploads\/2019\/12\/servicios-revenue3.jpg\" class=\"vc_single_image-img attachment-full\" alt=\"\" title=\"servicios-revenue3\" srcset=\"https:\/\/envesrevenue.com\/wp-content\/uploads\/2019\/12\/servicios-revenue3.jpg 535w, https:\/\/envesrevenue.com\/wp-content\/uploads\/2019\/12\/servicios-revenue3-300x209.jpg 300w\" sizes=\"auto, (max-width: 535px) 100vw, 535px\" \/><\/div>\n\t\t<\/div>\n\t<\/div>\n<\/div><\/div><\/div><\/div><\/div><\/div><\/div><\/div><\/div><\/div><\/div><div     class=\"vc_row wpb_row section vc_row-fluid vc_custom_1574074208615 grid_section\" style=' padding-top:128px; padding-bottom:64px; text-align:left;'><div class=\"section_inner clearfix\"><div class='section_inner_margin clearfix'><div class=\"wpb_column vc_column_container vc_col-sm-12 vc_col-md-6\"><div class=\"vc_column-inner\"><div class=\"wpb_wrapper\">\n\t<div class=\"wpb_text_column wpb_content_element\">\n\t\t<div class=\"wpb_wrapper\">\n\t\t\t<h2>Contacta connosco para mellorar os beneficios do teu aloxamento.<\/h2>\n\n\t\t<\/div> \n\t<\/div> <div class=\"vc_empty_space\"   style=\"height: 31px\"><span class=\"vc_empty_space_inner\"><\/span><\/div>\n\t<div class=\"wpb_text_column wpb_content_element\">\n\t\t<div class=\"wpb_wrapper\">\n\t\t\t<h4>Necesitas axuda para mellorar os beneficios do teu establecemento e reducir costes? Contacta connosco para obter m\u00e1is informaci\u00f3n.<\/h4>\n\n\t\t<\/div> \n\t<\/div> <div class=\"vc_empty_space\"   style=\"height: 31px\"><span class=\"vc_empty_space_inner\"><\/span><\/div><\/div><\/div><\/div><div class=\"wpb_column vc_column_container vc_col-sm-12 vc_col-md-6\"><div class=\"vc_column-inner\"><div class=\"wpb_wrapper\"><div class=\"vc_empty_space\"   style=\"height: 30px\"><span class=\"vc_empty_space_inner\"><\/span><\/div><\/div><\/div><\/div><\/div><\/div><\/div><div     class=\"vc_row wpb_row section vc_row-fluid vc_custom_1575541342667\" style=' text-align:left;'><div class=\"full_section_inner clearfix\"><div class=\"wpb_column vc_column_container vc_col-sm-12\"><div class=\"vc_column-inner\"><div class=\"wpb_wrapper\"><div class=\"vc_empty_space  rwd-hide\"   style=\"height: 160px\"><span class=\"vc_empty_space_inner\"><\/span><\/div><\/div><\/div><\/div><\/div><\/div>","protected":false},"excerpt":{"rendered":"Auditoria previaAnalizamos tu negocio, planteando una nueva estrategia de precios y distribuci\u00f3n.Optimizaci\u00f3n de ingresos y gastosMejoramos la gesti\u00f3n de reservas para conseguir el m\u00e1ximo beneficio de cada plaza.Formaci\u00f3n de personalLa estrategia siempre ser\u00e1 consensuada, explicada y entendida por las personas responsables del alojamiento. Paso 1...","protected":false},"author":2,"featured_media":22224,"parent":0,"menu_order":0,"comment_status":"closed","ping_status":"closed","template":"full_width.php","meta":{"footnotes":""},"class_list":["post-21841","page","type-page","status-publish","has-post-thumbnail","hentry"],"yoast_head":"<!-- This site is optimized with the Yoast SEO plugin v27.4 - https:\/\/yoast.com\/product\/yoast-seo-wordpress\/ -->\n<title>Revenue Management - ENV&Eacute;S<\/title>\n<meta name=\"description\" content=\"Desarrollamos estrategias de precios, distribuci\u00f3n y gesti\u00f3n de reservas para conseguir el m\u00e1ximo beneficio de cada plaza de tu alojamiento tur\u00edstico.\" \/>\n<meta name=\"robots\" content=\"index, follow, max-snippet:-1, max-image-preview:large, max-video-preview:-1\" \/>\n<link rel=\"canonical\" href=\"https:\/\/myblog-gz3o2pzy2d.live-website.com\/gl\/revenue-management\/\" \/>\n<meta property=\"og:locale\" content=\"gl_ES\" \/>\n<meta property=\"og:type\" content=\"article\" \/>\n<meta property=\"og:title\" content=\"Revenue Management - ENV&Eacute;S\" \/>\n<meta property=\"og:description\" content=\"Desarrollamos estrategias de precios, distribuci\u00f3n y gesti\u00f3n de reservas para conseguir el m\u00e1ximo beneficio de cada plaza de tu alojamiento tur\u00edstico.\" \/>\n<meta property=\"og:url\" content=\"https:\/\/myblog-gz3o2pzy2d.live-website.com\/gl\/revenue-management\/\" \/>\n<meta property=\"og:site_name\" content=\"ENV&Eacute;S\" \/>\n<meta property=\"article:publisher\" content=\"https:\/\/www.facebook.com\/envesrevenue\/\" \/>\n<meta property=\"article:modified_time\" content=\"2020-01-30T09:24:50+00:00\" \/>\n<meta property=\"og:image\" content=\"https:\/\/myblog-gz3o2pzy2d.live-website.com\/wp-content\/uploads\/2019\/12\/servicios-revenue2.jpg\" \/>\n\t<meta property=\"og:image:width\" content=\"535\" \/>\n\t<meta property=\"og:image:height\" content=\"373\" \/>\n\t<meta property=\"og:image:type\" content=\"image\/jpeg\" \/>\n<meta name=\"twitter:card\" content=\"summary_large_image\" \/>\n<meta name=\"twitter:label1\" content=\"Tempo de lectura\" \/>\n\t<meta name=\"twitter:data1\" content=\"6 minutos\" \/>\n<script type=\"application\/ld+json\" class=\"yoast-schema-graph\">{\"@context\":\"https:\\\/\\\/schema.org\",\"@graph\":[{\"@type\":\"WebPage\",\"@id\":\"https:\\\/\\\/myblog-gz3o2pzy2d.live-website.com\\\/gl\\\/revenue-management\\\/\",\"url\":\"https:\\\/\\\/myblog-gz3o2pzy2d.live-website.com\\\/gl\\\/revenue-management\\\/\",\"name\":\"Revenue Management - ENV&Eacute;S\",\"isPartOf\":{\"@id\":\"https:\\\/\\\/myblog-gz3o2pzy2d.live-website.com\\\/#website\"},\"primaryImageOfPage\":{\"@id\":\"https:\\\/\\\/myblog-gz3o2pzy2d.live-website.com\\\/gl\\\/revenue-management\\\/#primaryimage\"},\"image\":{\"@id\":\"https:\\\/\\\/myblog-gz3o2pzy2d.live-website.com\\\/gl\\\/revenue-management\\\/#primaryimage\"},\"thumbnailUrl\":\"https:\\\/\\\/envesrevenue.com\\\/wp-content\\\/uploads\\\/2019\\\/12\\\/servicios-revenue2.jpg\",\"datePublished\":\"2019-11-15T13:18:58+00:00\",\"dateModified\":\"2020-01-30T09:24:50+00:00\",\"description\":\"Desarrollamos estrategias de precios, distribuci\u00f3n y gesti\u00f3n de reservas para conseguir el m\u00e1ximo beneficio de cada plaza de tu alojamiento tur\u00edstico.\",\"breadcrumb\":{\"@id\":\"https:\\\/\\\/myblog-gz3o2pzy2d.live-website.com\\\/gl\\\/revenue-management\\\/#breadcrumb\"},\"inLanguage\":\"gl-ES\",\"potentialAction\":[{\"@type\":\"ReadAction\",\"target\":[\"https:\\\/\\\/myblog-gz3o2pzy2d.live-website.com\\\/gl\\\/revenue-management\\\/\"]}]},{\"@type\":\"ImageObject\",\"inLanguage\":\"gl-ES\",\"@id\":\"https:\\\/\\\/myblog-gz3o2pzy2d.live-website.com\\\/gl\\\/revenue-management\\\/#primaryimage\",\"url\":\"https:\\\/\\\/envesrevenue.com\\\/wp-content\\\/uploads\\\/2019\\\/12\\\/servicios-revenue2.jpg\",\"contentUrl\":\"https:\\\/\\\/envesrevenue.com\\\/wp-content\\\/uploads\\\/2019\\\/12\\\/servicios-revenue2.jpg\",\"width\":535,\"height\":373},{\"@type\":\"BreadcrumbList\",\"@id\":\"https:\\\/\\\/myblog-gz3o2pzy2d.live-website.com\\\/gl\\\/revenue-management\\\/#breadcrumb\",\"itemListElement\":[{\"@type\":\"ListItem\",\"position\":1,\"name\":\"Home\",\"item\":\"https:\\\/\\\/envesrevenue.com\\\/\"},{\"@type\":\"ListItem\",\"position\":2,\"name\":\"Revenue Management\"}]},{\"@type\":\"WebSite\",\"@id\":\"https:\\\/\\\/myblog-gz3o2pzy2d.live-website.com\\\/#website\",\"url\":\"https:\\\/\\\/myblog-gz3o2pzy2d.live-website.com\\\/\",\"name\":\"Env\u00e9s Revenue\",\"description\":\"Revenue Management para peque&ntilde;os y medianos alojamientos\",\"publisher\":{\"@id\":\"https:\\\/\\\/myblog-gz3o2pzy2d.live-website.com\\\/#organization\"},\"potentialAction\":[{\"@type\":\"SearchAction\",\"target\":{\"@type\":\"EntryPoint\",\"urlTemplate\":\"https:\\\/\\\/myblog-gz3o2pzy2d.live-website.com\\\/?s={search_term_string}\"},\"query-input\":{\"@type\":\"PropertyValueSpecification\",\"valueRequired\":true,\"valueName\":\"search_term_string\"}}],\"inLanguage\":\"gl-ES\"},{\"@type\":\"Organization\",\"@id\":\"https:\\\/\\\/myblog-gz3o2pzy2d.live-website.com\\\/#organization\",\"name\":\"Env\u00e9s Revenue\",\"url\":\"https:\\\/\\\/myblog-gz3o2pzy2d.live-website.com\\\/\",\"logo\":{\"@type\":\"ImageObject\",\"inLanguage\":\"gl-ES\",\"@id\":\"https:\\\/\\\/myblog-gz3o2pzy2d.live-website.com\\\/#\\\/schema\\\/logo\\\/image\\\/\",\"url\":\"https:\\\/\\\/envesrevenue.com\\\/wp-content\\\/uploads\\\/2019\\\/12\\\/logo-enves.png\",\"contentUrl\":\"https:\\\/\\\/envesrevenue.com\\\/wp-content\\\/uploads\\\/2019\\\/12\\\/logo-enves.png\",\"width\":350,\"height\":250,\"caption\":\"Env\u00e9s Revenue\"},\"image\":{\"@id\":\"https:\\\/\\\/myblog-gz3o2pzy2d.live-website.com\\\/#\\\/schema\\\/logo\\\/image\\\/\"},\"sameAs\":[\"https:\\\/\\\/www.facebook.com\\\/envesrevenue\\\/\"]}]}<\/script>\n<!-- \/ Yoast SEO plugin. -->","yoast_head_json":{"title":"Revenue Management - ENV&Eacute;S","description":"Desarrollamos estrategias de precios, distribuci\u00f3n y gesti\u00f3n de reservas para conseguir el m\u00e1ximo beneficio de cada plaza de tu alojamiento tur\u00edstico.","robots":{"index":"index","follow":"follow","max-snippet":"max-snippet:-1","max-image-preview":"max-image-preview:large","max-video-preview":"max-video-preview:-1"},"canonical":"https:\/\/myblog-gz3o2pzy2d.live-website.com\/gl\/revenue-management\/","og_locale":"gl_ES","og_type":"article","og_title":"Revenue Management - ENV&Eacute;S","og_description":"Desarrollamos estrategias de precios, distribuci\u00f3n y gesti\u00f3n de reservas para conseguir el m\u00e1ximo beneficio de cada plaza de tu alojamiento tur\u00edstico.","og_url":"https:\/\/myblog-gz3o2pzy2d.live-website.com\/gl\/revenue-management\/","og_site_name":"ENV&Eacute;S","article_publisher":"https:\/\/www.facebook.com\/envesrevenue\/","article_modified_time":"2020-01-30T09:24:50+00:00","og_image":[{"width":535,"height":373,"url":"https:\/\/myblog-gz3o2pzy2d.live-website.com\/wp-content\/uploads\/2019\/12\/servicios-revenue2.jpg","type":"image\/jpeg"}],"twitter_card":"summary_large_image","twitter_misc":{"Tempo de lectura":"6 minutos"},"schema":{"@context":"https:\/\/schema.org","@graph":[{"@type":"WebPage","@id":"https:\/\/myblog-gz3o2pzy2d.live-website.com\/gl\/revenue-management\/","url":"https:\/\/myblog-gz3o2pzy2d.live-website.com\/gl\/revenue-management\/","name":"Revenue Management - ENV&Eacute;S","isPartOf":{"@id":"https:\/\/myblog-gz3o2pzy2d.live-website.com\/#website"},"primaryImageOfPage":{"@id":"https:\/\/myblog-gz3o2pzy2d.live-website.com\/gl\/revenue-management\/#primaryimage"},"image":{"@id":"https:\/\/myblog-gz3o2pzy2d.live-website.com\/gl\/revenue-management\/#primaryimage"},"thumbnailUrl":"https:\/\/envesrevenue.com\/wp-content\/uploads\/2019\/12\/servicios-revenue2.jpg","datePublished":"2019-11-15T13:18:58+00:00","dateModified":"2020-01-30T09:24:50+00:00","description":"Desarrollamos estrategias de precios, distribuci\u00f3n y gesti\u00f3n de reservas para conseguir el m\u00e1ximo beneficio de cada plaza de tu alojamiento tur\u00edstico.","breadcrumb":{"@id":"https:\/\/myblog-gz3o2pzy2d.live-website.com\/gl\/revenue-management\/#breadcrumb"},"inLanguage":"gl-ES","potentialAction":[{"@type":"ReadAction","target":["https:\/\/myblog-gz3o2pzy2d.live-website.com\/gl\/revenue-management\/"]}]},{"@type":"ImageObject","inLanguage":"gl-ES","@id":"https:\/\/myblog-gz3o2pzy2d.live-website.com\/gl\/revenue-management\/#primaryimage","url":"https:\/\/envesrevenue.com\/wp-content\/uploads\/2019\/12\/servicios-revenue2.jpg","contentUrl":"https:\/\/envesrevenue.com\/wp-content\/uploads\/2019\/12\/servicios-revenue2.jpg","width":535,"height":373},{"@type":"BreadcrumbList","@id":"https:\/\/myblog-gz3o2pzy2d.live-website.com\/gl\/revenue-management\/#breadcrumb","itemListElement":[{"@type":"ListItem","position":1,"name":"Home","item":"https:\/\/envesrevenue.com\/"},{"@type":"ListItem","position":2,"name":"Revenue Management"}]},{"@type":"WebSite","@id":"https:\/\/myblog-gz3o2pzy2d.live-website.com\/#website","url":"https:\/\/myblog-gz3o2pzy2d.live-website.com\/","name":"Env\u00e9s Revenue","description":"Revenue Management para peque&ntilde;os y medianos alojamientos","publisher":{"@id":"https:\/\/myblog-gz3o2pzy2d.live-website.com\/#organization"},"potentialAction":[{"@type":"SearchAction","target":{"@type":"EntryPoint","urlTemplate":"https:\/\/myblog-gz3o2pzy2d.live-website.com\/?s={search_term_string}"},"query-input":{"@type":"PropertyValueSpecification","valueRequired":true,"valueName":"search_term_string"}}],"inLanguage":"gl-ES"},{"@type":"Organization","@id":"https:\/\/myblog-gz3o2pzy2d.live-website.com\/#organization","name":"Env\u00e9s Revenue","url":"https:\/\/myblog-gz3o2pzy2d.live-website.com\/","logo":{"@type":"ImageObject","inLanguage":"gl-ES","@id":"https:\/\/myblog-gz3o2pzy2d.live-website.com\/#\/schema\/logo\/image\/","url":"https:\/\/envesrevenue.com\/wp-content\/uploads\/2019\/12\/logo-enves.png","contentUrl":"https:\/\/envesrevenue.com\/wp-content\/uploads\/2019\/12\/logo-enves.png","width":350,"height":250,"caption":"Env\u00e9s Revenue"},"image":{"@id":"https:\/\/myblog-gz3o2pzy2d.live-website.com\/#\/schema\/logo\/image\/"},"sameAs":["https:\/\/www.facebook.com\/envesrevenue\/"]}]}},"_links":{"self":[{"href":"https:\/\/envesrevenue.com\/gl\/wp-json\/wp\/v2\/pages\/21841","targetHints":{"allow":["GET"]}}],"collection":[{"href":"https:\/\/envesrevenue.com\/gl\/wp-json\/wp\/v2\/pages"}],"about":[{"href":"https:\/\/envesrevenue.com\/gl\/wp-json\/wp\/v2\/types\/page"}],"author":[{"embeddable":true,"href":"https:\/\/envesrevenue.com\/gl\/wp-json\/wp\/v2\/users\/2"}],"replies":[{"embeddable":true,"href":"https:\/\/envesrevenue.com\/gl\/wp-json\/wp\/v2\/comments?post=21841"}],"version-history":[{"count":0,"href":"https:\/\/envesrevenue.com\/gl\/wp-json\/wp\/v2\/pages\/21841\/revisions"}],"wp:featuredmedia":[{"embeddable":true,"href":"https:\/\/envesrevenue.com\/gl\/wp-json\/wp\/v2\/media\/22224"}],"wp:attachment":[{"href":"https:\/\/envesrevenue.com\/gl\/wp-json\/wp\/v2\/media?parent=21841"}],"curies":[{"name":"wp","href":"https:\/\/api.w.org\/{rel}","templated":true}]}}