{"id":21885,"date":"2019-11-18T09:42:51","date_gmt":"2019-11-18T09:42:51","guid":{"rendered":"https:\/\/envesrevenue.com\/?page_id=21885"},"modified":"2020-01-22T11:27:31","modified_gmt":"2020-01-22T10:27:31","slug":"gestion-opiniones-alojamientos-turisticos","status":"publish","type":"page","link":"https:\/\/envesrevenue.com\/gl\/gestion-opiniones-alojamientos-turisticos\/","title":{"rendered":"Xesti\u00f3n de opini\u00f3ns"},"content":{"rendered":"<div     class=\"vc_row wpb_row section vc_row-fluid  grid_section\" style=' text-align:left;'><div class=\"section_inner clearfix\"><div class='section_inner_margin clearfix'><div class=\"wpb_column vc_column_container vc_col-sm-6\"><div class=\"vc_column-inner\"><div class=\"wpb_wrapper\">\n\t<div class=\"wpb_text_column wpb_content_element\">\n\t\t<div class=\"wpb_wrapper\">\n\t\t\t<h2>Mellora a t\u00faa reputaci\u00f3n online<\/h2>\n\n\t\t<\/div> \n\t<\/div> <div class=\"vc_empty_space\"   style=\"height: 16px\"><span class=\"vc_empty_space_inner\"><\/span><\/div>\n\t<div class=\"wpb_text_column wpb_content_element\">\n\t\t<div class=\"wpb_wrapper\">\n\t\t\t<p>Gran parte das decisi\u00f3ns de reserva b\u00e1sanse nas opini\u00f3ns que te\u00f1an os clientes do noso aloxamento. Axud\u00e1mosche a xestionar a t\u00faa reputaci\u00f3n online.<\/p>\n\n\t\t<\/div> \n\t<\/div> <div class=\"separator  transparent\" style=\"margin-top:32px;margin-bottom:0px\"><\/div>\n\n\t<div class=\"wpb_text_column wpb_content_element\">\n\t\t<div class=\"wpb_wrapper\">\n\t\t\t<ul>\n<li class=\" translation-block\">Proporcionamos unha correcta resposta c\u00e1 maior inmediatez posible \u00f3s comentarios relacionados c\u00f3 aloxamento nas axencias de viaxe online (Booking, Expedia...)<\/li>\n<li class=\" translation-block\">Revisi\u00f3n e resposta de comentarios en Tripadvisor.<\/li>\n<li class=\" translation-block\">Control e revisi\u00f3n de perf\u00eds de metabuscadores como Trivago ou Tripadvisor.<\/li>\n<\/ul>\n\n\t\t<\/div> \n\t<\/div> <div class=\"separator  transparent\" style=\"margin-top:32px;margin-bottom:0px\"><\/div>\n<\/div><\/div><\/div><div class=\"wpb_column vc_column_container vc_col-sm-6\"><div class=\"vc_column-inner\"><div class=\"wpb_wrapper\">\n\t<div class=\"wpb_single_image wpb_content_element vc_align_left\">\n\t\t<div class=\"wpb_wrapper\">\n\t\t\t\n\t\t\t<div class=\"vc_single_image-wrapper   vc_box_border_grey\"><img loading=\"lazy\" decoding=\"async\" width=\"535\" height=\"373\" src=\"https:\/\/envesrevenue.com\/wp-content\/uploads\/2019\/12\/servicios-opiniones.jpg\" class=\"vc_single_image-img attachment-full\" alt=\"\" title=\"servicios-opiniones\" srcset=\"https:\/\/envesrevenue.com\/wp-content\/uploads\/2019\/12\/servicios-opiniones.jpg 535w, https:\/\/envesrevenue.com\/wp-content\/uploads\/2019\/12\/servicios-opiniones-300x209.jpg 300w\" sizes=\"auto, (max-width: 535px) 100vw, 535px\" \/><\/div>\n\t\t<\/div>\n\t<\/div>\n<div class=\"vc_empty_space\"   style=\"height: 96px\"><span class=\"vc_empty_space_inner\"><\/span><\/div><\/div><\/div><\/div><\/div><\/div><\/div><div     class=\"vc_row wpb_row section vc_row-fluid\" style=' text-align:left;'><div class=\"full_section_inner clearfix\"><div class=\"wpb_column vc_column_container vc_col-sm-12\"><div class=\"vc_column-inner\"><div class=\"wpb_wrapper\"><div class=\"vc_empty_space  rwd-hide\"   style=\"height: 160px\"><span class=\"vc_empty_space_inner\"><\/span><\/div><\/div><\/div><\/div><\/div><\/div><div     class=\"vc_row wpb_row section vc_row-fluid vc_custom_1575541978072 grid_section\" style=' padding-top:128px; padding-bottom:64px; text-align:left;'><div class=\"section_inner clearfix\"><div class='section_inner_margin clearfix'><div class=\"wpb_column vc_column_container vc_col-sm-12 vc_col-md-6\"><div class=\"vc_column-inner\"><div class=\"wpb_wrapper\">\n\t<div class=\"wpb_text_column wpb_content_element\">\n\t\t<div class=\"wpb_wrapper\">\n\t\t\t<h2>Necesitas mellorar a reputaci\u00f3n do teu establecemento?<\/h2>\n\n\t\t<\/div> \n\t<\/div> <div class=\"vc_empty_space\"   style=\"height: 31px\"><span class=\"vc_empty_space_inner\"><\/span><\/div>\n\t<div class=\"wpb_text_column wpb_content_element\">\n\t\t<div class=\"wpb_wrapper\">\n\t\t\t<h4>Si necesitas mellorar as opini\u00f3ns que os clientes te\u00f1en do teu negocio e aumentar tua notoriedade online, contacta connosco e axudaremoste a conseguilo.<\/h4>\n\n\t\t<\/div> \n\t<\/div> <div class=\"vc_empty_space\"   style=\"height: 31px\"><span class=\"vc_empty_space_inner\"><\/span><\/div><div class=\"vc_empty_space  rwd-hide\"   style=\"height: 160px\"><span class=\"vc_empty_space_inner\"><\/span><\/div><\/div><\/div><\/div><div class=\"wpb_column vc_column_container vc_col-sm-12 vc_col-md-6\"><div class=\"vc_column-inner\"><div class=\"wpb_wrapper\"><div class=\"vc_empty_space\"   style=\"height: 30px\"><span class=\"vc_empty_space_inner\"><\/span><\/div><\/div><\/div><\/div><\/div><\/div><\/div>","protected":false},"excerpt":{"rendered":"Mejora tu reputaci\u00f3n online Gran parte de las decisiones de reserva se basan en las opiniones que tengan los clientes de nuestro alojamiento. Te ayudamos a gestionar tu reputaci\u00f3n online. Proporcionamos una correcta respuesta con la mayor inmediatez posible a los comentarios relacionados con el...","protected":false},"author":2,"featured_media":22220,"parent":0,"menu_order":0,"comment_status":"closed","ping_status":"closed","template":"full_width.php","meta":{"footnotes":""},"class_list":["post-21885","page","type-page","status-publish","has-post-thumbnail","hentry"],"yoast_head":"<!-- This site is optimized with the Yoast SEO plugin v27.3 - https:\/\/yoast.com\/product\/yoast-seo-wordpress\/ -->\n<title>Gesti\u00f3n de opiniones para alojamientos tur\u00edsticos - ENV&Eacute;S<\/title>\n<meta name=\"description\" content=\"Te ayudamos a gestionar la reputaci\u00f3n online y mejorar las opiniones que tengan los clientes de tu alojamiento tur\u00edstico.\" \/>\n<meta name=\"robots\" content=\"index, follow, max-snippet:-1, max-image-preview:large, max-video-preview:-1\" \/>\n<link rel=\"canonical\" href=\"https:\/\/myblog-gz3o2pzy2d.live-website.com\/gestion-opiniones-alojamientos-turisticos\/\" \/>\n<meta property=\"og:locale\" content=\"gl_ES\" \/>\n<meta property=\"og:type\" content=\"article\" \/>\n<meta property=\"og:title\" content=\"Gesti\u00f3n de opiniones para alojamientos tur\u00edsticos - ENV&Eacute;S\" \/>\n<meta property=\"og:description\" content=\"Te ayudamos a gestionar la reputaci\u00f3n online y mejorar las opiniones que tengan los clientes de tu alojamiento tur\u00edstico.\" \/>\n<meta property=\"og:url\" content=\"https:\/\/myblog-gz3o2pzy2d.live-website.com\/gestion-opiniones-alojamientos-turisticos\/\" \/>\n<meta property=\"og:site_name\" content=\"ENV&Eacute;S\" \/>\n<meta property=\"article:publisher\" content=\"https:\/\/www.facebook.com\/envesrevenue\/\" \/>\n<meta property=\"article:modified_time\" content=\"2020-01-22T10:27:31+00:00\" \/>\n<meta property=\"og:image\" content=\"https:\/\/myblog-gz3o2pzy2d.live-website.com\/wp-content\/uploads\/2019\/12\/servicios-opiniones.jpg\" \/>\n\t<meta property=\"og:image:width\" content=\"535\" \/>\n\t<meta property=\"og:image:height\" content=\"373\" \/>\n\t<meta property=\"og:image:type\" content=\"image\/jpeg\" \/>\n<meta name=\"twitter:card\" content=\"summary_large_image\" \/>\n<meta name=\"twitter:label1\" content=\"Tempo de lectura\" \/>\n\t<meta name=\"twitter:data1\" content=\"2 minutos\" \/>\n<script type=\"application\/ld+json\" class=\"yoast-schema-graph\">{\"@context\":\"https:\\\/\\\/schema.org\",\"@graph\":[{\"@type\":\"WebPage\",\"@id\":\"https:\\\/\\\/myblog-gz3o2pzy2d.live-website.com\\\/gestion-opiniones-alojamientos-turisticos\\\/\",\"url\":\"https:\\\/\\\/myblog-gz3o2pzy2d.live-website.com\\\/gestion-opiniones-alojamientos-turisticos\\\/\",\"name\":\"Gesti\u00f3n de opiniones para alojamientos tur\u00edsticos - ENV&Eacute;S\",\"isPartOf\":{\"@id\":\"https:\\\/\\\/myblog-gz3o2pzy2d.live-website.com\\\/#website\"},\"primaryImageOfPage\":{\"@id\":\"https:\\\/\\\/myblog-gz3o2pzy2d.live-website.com\\\/gestion-opiniones-alojamientos-turisticos\\\/#primaryimage\"},\"image\":{\"@id\":\"https:\\\/\\\/myblog-gz3o2pzy2d.live-website.com\\\/gestion-opiniones-alojamientos-turisticos\\\/#primaryimage\"},\"thumbnailUrl\":\"https:\\\/\\\/envesrevenue.com\\\/wp-content\\\/uploads\\\/2019\\\/12\\\/servicios-opiniones.jpg\",\"datePublished\":\"2019-11-18T09:42:51+00:00\",\"dateModified\":\"2020-01-22T10:27:31+00:00\",\"description\":\"Te ayudamos a gestionar la reputaci\u00f3n online y mejorar las opiniones que tengan los clientes de tu alojamiento tur\u00edstico.\",\"breadcrumb\":{\"@id\":\"https:\\\/\\\/myblog-gz3o2pzy2d.live-website.com\\\/gestion-opiniones-alojamientos-turisticos\\\/#breadcrumb\"},\"inLanguage\":\"gl-ES\",\"potentialAction\":[{\"@type\":\"ReadAction\",\"target\":[\"https:\\\/\\\/myblog-gz3o2pzy2d.live-website.com\\\/gestion-opiniones-alojamientos-turisticos\\\/\"]}]},{\"@type\":\"ImageObject\",\"inLanguage\":\"gl-ES\",\"@id\":\"https:\\\/\\\/myblog-gz3o2pzy2d.live-website.com\\\/gestion-opiniones-alojamientos-turisticos\\\/#primaryimage\",\"url\":\"https:\\\/\\\/envesrevenue.com\\\/wp-content\\\/uploads\\\/2019\\\/12\\\/servicios-opiniones.jpg\",\"contentUrl\":\"https:\\\/\\\/envesrevenue.com\\\/wp-content\\\/uploads\\\/2019\\\/12\\\/servicios-opiniones.jpg\",\"width\":535,\"height\":373},{\"@type\":\"BreadcrumbList\",\"@id\":\"https:\\\/\\\/myblog-gz3o2pzy2d.live-website.com\\\/gestion-opiniones-alojamientos-turisticos\\\/#breadcrumb\",\"itemListElement\":[{\"@type\":\"ListItem\",\"position\":1,\"name\":\"Home\",\"item\":\"https:\\\/\\\/envesrevenue.com\\\/\"},{\"@type\":\"ListItem\",\"position\":2,\"name\":\"Gesti\u00f3n de opiniones\"}]},{\"@type\":\"WebSite\",\"@id\":\"https:\\\/\\\/myblog-gz3o2pzy2d.live-website.com\\\/#website\",\"url\":\"https:\\\/\\\/myblog-gz3o2pzy2d.live-website.com\\\/\",\"name\":\"Env\u00e9s Revenue\",\"description\":\"Revenue Management para peque&ntilde;os y medianos alojamientos\",\"publisher\":{\"@id\":\"https:\\\/\\\/myblog-gz3o2pzy2d.live-website.com\\\/#organization\"},\"potentialAction\":[{\"@type\":\"SearchAction\",\"target\":{\"@type\":\"EntryPoint\",\"urlTemplate\":\"https:\\\/\\\/myblog-gz3o2pzy2d.live-website.com\\\/?s={search_term_string}\"},\"query-input\":{\"@type\":\"PropertyValueSpecification\",\"valueRequired\":true,\"valueName\":\"search_term_string\"}}],\"inLanguage\":\"gl-ES\"},{\"@type\":\"Organization\",\"@id\":\"https:\\\/\\\/myblog-gz3o2pzy2d.live-website.com\\\/#organization\",\"name\":\"Env\u00e9s Revenue\",\"url\":\"https:\\\/\\\/myblog-gz3o2pzy2d.live-website.com\\\/\",\"logo\":{\"@type\":\"ImageObject\",\"inLanguage\":\"gl-ES\",\"@id\":\"https:\\\/\\\/myblog-gz3o2pzy2d.live-website.com\\\/#\\\/schema\\\/logo\\\/image\\\/\",\"url\":\"https:\\\/\\\/envesrevenue.com\\\/wp-content\\\/uploads\\\/2019\\\/12\\\/logo-enves.png\",\"contentUrl\":\"https:\\\/\\\/envesrevenue.com\\\/wp-content\\\/uploads\\\/2019\\\/12\\\/logo-enves.png\",\"width\":350,\"height\":250,\"caption\":\"Env\u00e9s Revenue\"},\"image\":{\"@id\":\"https:\\\/\\\/myblog-gz3o2pzy2d.live-website.com\\\/#\\\/schema\\\/logo\\\/image\\\/\"},\"sameAs\":[\"https:\\\/\\\/www.facebook.com\\\/envesrevenue\\\/\"]}]}<\/script>\n<!-- \/ Yoast SEO plugin. -->","yoast_head_json":{"title":"Gesti\u00f3n de opiniones para alojamientos tur\u00edsticos - ENV&Eacute;S","description":"Te ayudamos a gestionar la reputaci\u00f3n online y mejorar las opiniones que tengan los clientes de tu alojamiento tur\u00edstico.","robots":{"index":"index","follow":"follow","max-snippet":"max-snippet:-1","max-image-preview":"max-image-preview:large","max-video-preview":"max-video-preview:-1"},"canonical":"https:\/\/myblog-gz3o2pzy2d.live-website.com\/gestion-opiniones-alojamientos-turisticos\/","og_locale":"gl_ES","og_type":"article","og_title":"Gesti\u00f3n de opiniones para alojamientos tur\u00edsticos - ENV&Eacute;S","og_description":"Te ayudamos a gestionar la reputaci\u00f3n online y mejorar las opiniones que tengan los clientes de tu alojamiento tur\u00edstico.","og_url":"https:\/\/myblog-gz3o2pzy2d.live-website.com\/gestion-opiniones-alojamientos-turisticos\/","og_site_name":"ENV&Eacute;S","article_publisher":"https:\/\/www.facebook.com\/envesrevenue\/","article_modified_time":"2020-01-22T10:27:31+00:00","og_image":[{"width":535,"height":373,"url":"https:\/\/myblog-gz3o2pzy2d.live-website.com\/wp-content\/uploads\/2019\/12\/servicios-opiniones.jpg","type":"image\/jpeg"}],"twitter_card":"summary_large_image","twitter_misc":{"Tempo de lectura":"2 minutos"},"schema":{"@context":"https:\/\/schema.org","@graph":[{"@type":"WebPage","@id":"https:\/\/myblog-gz3o2pzy2d.live-website.com\/gestion-opiniones-alojamientos-turisticos\/","url":"https:\/\/myblog-gz3o2pzy2d.live-website.com\/gestion-opiniones-alojamientos-turisticos\/","name":"Gesti\u00f3n de opiniones para alojamientos tur\u00edsticos - ENV&Eacute;S","isPartOf":{"@id":"https:\/\/myblog-gz3o2pzy2d.live-website.com\/#website"},"primaryImageOfPage":{"@id":"https:\/\/myblog-gz3o2pzy2d.live-website.com\/gestion-opiniones-alojamientos-turisticos\/#primaryimage"},"image":{"@id":"https:\/\/myblog-gz3o2pzy2d.live-website.com\/gestion-opiniones-alojamientos-turisticos\/#primaryimage"},"thumbnailUrl":"https:\/\/envesrevenue.com\/wp-content\/uploads\/2019\/12\/servicios-opiniones.jpg","datePublished":"2019-11-18T09:42:51+00:00","dateModified":"2020-01-22T10:27:31+00:00","description":"Te ayudamos a gestionar la reputaci\u00f3n online y mejorar las opiniones que tengan los clientes de tu alojamiento tur\u00edstico.","breadcrumb":{"@id":"https:\/\/myblog-gz3o2pzy2d.live-website.com\/gestion-opiniones-alojamientos-turisticos\/#breadcrumb"},"inLanguage":"gl-ES","potentialAction":[{"@type":"ReadAction","target":["https:\/\/myblog-gz3o2pzy2d.live-website.com\/gestion-opiniones-alojamientos-turisticos\/"]}]},{"@type":"ImageObject","inLanguage":"gl-ES","@id":"https:\/\/myblog-gz3o2pzy2d.live-website.com\/gestion-opiniones-alojamientos-turisticos\/#primaryimage","url":"https:\/\/envesrevenue.com\/wp-content\/uploads\/2019\/12\/servicios-opiniones.jpg","contentUrl":"https:\/\/envesrevenue.com\/wp-content\/uploads\/2019\/12\/servicios-opiniones.jpg","width":535,"height":373},{"@type":"BreadcrumbList","@id":"https:\/\/myblog-gz3o2pzy2d.live-website.com\/gestion-opiniones-alojamientos-turisticos\/#breadcrumb","itemListElement":[{"@type":"ListItem","position":1,"name":"Home","item":"https:\/\/envesrevenue.com\/"},{"@type":"ListItem","position":2,"name":"Gesti\u00f3n de opiniones"}]},{"@type":"WebSite","@id":"https:\/\/myblog-gz3o2pzy2d.live-website.com\/#website","url":"https:\/\/myblog-gz3o2pzy2d.live-website.com\/","name":"Env\u00e9s Revenue","description":"Revenue Management para peque&ntilde;os y medianos alojamientos","publisher":{"@id":"https:\/\/myblog-gz3o2pzy2d.live-website.com\/#organization"},"potentialAction":[{"@type":"SearchAction","target":{"@type":"EntryPoint","urlTemplate":"https:\/\/myblog-gz3o2pzy2d.live-website.com\/?s={search_term_string}"},"query-input":{"@type":"PropertyValueSpecification","valueRequired":true,"valueName":"search_term_string"}}],"inLanguage":"gl-ES"},{"@type":"Organization","@id":"https:\/\/myblog-gz3o2pzy2d.live-website.com\/#organization","name":"Env\u00e9s Revenue","url":"https:\/\/myblog-gz3o2pzy2d.live-website.com\/","logo":{"@type":"ImageObject","inLanguage":"gl-ES","@id":"https:\/\/myblog-gz3o2pzy2d.live-website.com\/#\/schema\/logo\/image\/","url":"https:\/\/envesrevenue.com\/wp-content\/uploads\/2019\/12\/logo-enves.png","contentUrl":"https:\/\/envesrevenue.com\/wp-content\/uploads\/2019\/12\/logo-enves.png","width":350,"height":250,"caption":"Env\u00e9s Revenue"},"image":{"@id":"https:\/\/myblog-gz3o2pzy2d.live-website.com\/#\/schema\/logo\/image\/"},"sameAs":["https:\/\/www.facebook.com\/envesrevenue\/"]}]}},"_links":{"self":[{"href":"https:\/\/envesrevenue.com\/gl\/wp-json\/wp\/v2\/pages\/21885","targetHints":{"allow":["GET"]}}],"collection":[{"href":"https:\/\/envesrevenue.com\/gl\/wp-json\/wp\/v2\/pages"}],"about":[{"href":"https:\/\/envesrevenue.com\/gl\/wp-json\/wp\/v2\/types\/page"}],"author":[{"embeddable":true,"href":"https:\/\/envesrevenue.com\/gl\/wp-json\/wp\/v2\/users\/2"}],"replies":[{"embeddable":true,"href":"https:\/\/envesrevenue.com\/gl\/wp-json\/wp\/v2\/comments?post=21885"}],"version-history":[{"count":0,"href":"https:\/\/envesrevenue.com\/gl\/wp-json\/wp\/v2\/pages\/21885\/revisions"}],"wp:featuredmedia":[{"embeddable":true,"href":"https:\/\/envesrevenue.com\/gl\/wp-json\/wp\/v2\/media\/22220"}],"wp:attachment":[{"href":"https:\/\/envesrevenue.com\/gl\/wp-json\/wp\/v2\/media?parent=21885"}],"curies":[{"name":"wp","href":"https:\/\/api.w.org\/{rel}","templated":true}]}}