{"id":21916,"date":"2019-11-18T10:29:44","date_gmt":"2019-11-18T10:29:44","guid":{"rendered":"https:\/\/envesrevenue.com\/?page_id=21916"},"modified":"2020-01-22T11:29:09","modified_gmt":"2020-01-22T10:29:09","slug":"redes-sociales","status":"publish","type":"page","link":"https:\/\/envesrevenue.com\/gl\/redes-sociales\/","title":{"rendered":"Redes Sociais"},"content":{"rendered":"<div     class=\"vc_row wpb_row section vc_row-fluid  grid_section\" style=' text-align:left;'><div class=\"section_inner clearfix\"><div class='section_inner_margin clearfix'><div class=\"wpb_column vc_column_container vc_col-sm-6\"><div class=\"vc_column-inner\"><div class=\"wpb_wrapper\">\n\t<div class=\"wpb_text_column wpb_content_element\">\n\t\t<div class=\"wpb_wrapper\">\n\t\t\t<h2>Xesti\u00f3n das Redes Sociais<\/h2>\n\n\t\t<\/div> \n\t<\/div> <div class=\"vc_empty_space\"   style=\"height: 16px\"><span class=\"vc_empty_space_inner\"><\/span><\/div>\n\t<div class=\"wpb_text_column wpb_content_element\">\n\t\t<div class=\"wpb_wrapper\">\n\t\t\t<p>As redes sociais son ferramentas gratuitas que temos a nosa disposici\u00f3n e que potencian a presenza do noso aloxamento na rede. Por\u00e9n, unha mala xesti\u00f3n das mesmas, ter\u00e1 efectos negativos.<\/p>\n<p>&nbsp;<\/p>\n<p>Co noso servizo valoraremos os perf\u00eds activos (Facebook, Twitter, Google Myabussines\u2026) e tomaremos decisi\u00f3ns sobre s\u00faa continuidade, s\u00faa xesti\u00f3n e seu rendimento.<\/p>\n\n\t\t<\/div> \n\t<\/div> <div class=\"separator  transparent\" style=\"margin-top:32px;margin-bottom:0px\"><\/div>\n<\/div><\/div><\/div><div class=\"wpb_column vc_column_container vc_col-sm-6\"><div class=\"vc_column-inner\"><div class=\"wpb_wrapper\">\n\t<div class=\"wpb_single_image wpb_content_element vc_align_left\">\n\t\t<div class=\"wpb_wrapper\">\n\t\t\t\n\t\t\t<div class=\"vc_single_image-wrapper   vc_box_border_grey\"><img loading=\"lazy\" decoding=\"async\" width=\"535\" height=\"373\" src=\"https:\/\/envesrevenue.com\/wp-content\/uploads\/2019\/12\/servicios-redessociales.jpg\" class=\"vc_single_image-img attachment-full\" alt=\"\" title=\"servicios-redessociales\" srcset=\"https:\/\/envesrevenue.com\/wp-content\/uploads\/2019\/12\/servicios-redessociales.jpg 535w, https:\/\/envesrevenue.com\/wp-content\/uploads\/2019\/12\/servicios-redessociales-300x209.jpg 300w\" sizes=\"auto, (max-width: 535px) 100vw, 535px\" \/><\/div>\n\t\t<\/div>\n\t<\/div>\n<div class=\"vc_empty_space\"   style=\"height: 96px\"><span class=\"vc_empty_space_inner\"><\/span><\/div><\/div><\/div><\/div><\/div><\/div><\/div><div     class=\"vc_row wpb_row section vc_row-fluid\" style=' text-align:left;'><div class=\"full_section_inner clearfix\"><div class=\"wpb_column vc_column_container vc_col-sm-12\"><div class=\"vc_column-inner\"><div class=\"wpb_wrapper\"><div class=\"vc_empty_space  rwd-hide\"   style=\"height: 100px\"><span class=\"vc_empty_space_inner\"><\/span><\/div><\/div><\/div><\/div><\/div><\/div><div     class=\"vc_row wpb_row section vc_row-fluid vc_custom_1574074208615 grid_section\" style=' padding-top:128px; padding-bottom:64px; text-align:left;'><div class=\"section_inner clearfix\"><div class='section_inner_margin clearfix'><div class=\"wpb_column vc_column_container vc_col-sm-12 vc_col-md-6\"><div class=\"vc_column-inner\"><div class=\"wpb_wrapper\">\n\t<div class=\"wpb_text_column wpb_content_element\">\n\t\t<div class=\"wpb_wrapper\">\n\t\t\t<h2>Necesitas axuda para xestionar as t\u00faas redes sociais?<\/h2>\n\n\t\t<\/div> \n\t<\/div> <div class=\"vc_empty_space\"   style=\"height: 31px\"><span class=\"vc_empty_space_inner\"><\/span><\/div>\n\t<div class=\"wpb_text_column wpb_content_element\">\n\t\t<div class=\"wpb_wrapper\">\n\t\t\t<h4>Se abr\u00famate xestionar as redes sociais do teu negocio ou tes d\u00fabidas sobre cal \u00e9 a mellor maneira de facelo, contacta connosco e axudaremoste a conseguilo.<\/h4>\n\n\t\t<\/div> \n\t<\/div> <div class=\"vc_empty_space\"   style=\"height: 31px\"><span class=\"vc_empty_space_inner\"><\/span><\/div><div class=\"vc_empty_space  rwd-hide\"   style=\"height: 160px\"><span class=\"vc_empty_space_inner\"><\/span><\/div><\/div><\/div><\/div><div class=\"wpb_column vc_column_container vc_col-sm-12 vc_col-md-6\"><div class=\"vc_column-inner\"><div class=\"wpb_wrapper\"><div class=\"vc_empty_space\"   style=\"height: 30px\"><span class=\"vc_empty_space_inner\"><\/span><\/div><\/div><\/div><\/div><\/div><\/div><\/div>","protected":false},"excerpt":{"rendered":"Gesti\u00f3n de Redes Sociales Las redes sociales son herramientas gratuitas que tenemos a nuestra disposici\u00f3n y que potencian la presencia de nuestro alojamiento en la red. Sin embargo, una mala gesti\u00f3n de las mismas tendr\u00e1 efectos negativos. &nbsp; Con nuestro servicio valoraremos los perfiles activos...","protected":false},"author":2,"featured_media":22222,"parent":0,"menu_order":0,"comment_status":"closed","ping_status":"closed","template":"full_width.php","meta":{"footnotes":""},"class_list":["post-21916","page","type-page","status-publish","has-post-thumbnail","hentry"],"yoast_head":"<!-- This site is optimized with the Yoast SEO plugin v27.4 - https:\/\/yoast.com\/product\/yoast-seo-wordpress\/ -->\n<title>Redes Sociales - ENV&Eacute;S<\/title>\n<meta name=\"robots\" content=\"index, follow, max-snippet:-1, max-image-preview:large, max-video-preview:-1\" \/>\n<link rel=\"canonical\" href=\"https:\/\/myblog-gz3o2pzy2d.live-website.com\/redes-sociales\/\" \/>\n<meta property=\"og:locale\" content=\"gl_ES\" \/>\n<meta property=\"og:type\" content=\"article\" \/>\n<meta property=\"og:title\" content=\"Redes Sociales - ENV&Eacute;S\" \/>\n<meta property=\"og:url\" content=\"https:\/\/myblog-gz3o2pzy2d.live-website.com\/redes-sociales\/\" \/>\n<meta property=\"og:site_name\" content=\"ENV&Eacute;S\" \/>\n<meta property=\"article:publisher\" content=\"https:\/\/www.facebook.com\/envesrevenue\/\" \/>\n<meta property=\"article:modified_time\" content=\"2020-01-22T10:29:09+00:00\" \/>\n<meta property=\"og:image\" content=\"https:\/\/myblog-gz3o2pzy2d.live-website.com\/wp-content\/uploads\/2019\/12\/servicios-redessociales.jpg\" \/>\n\t<meta property=\"og:image:width\" content=\"535\" \/>\n\t<meta property=\"og:image:height\" content=\"373\" \/>\n\t<meta property=\"og:image:type\" content=\"image\/jpeg\" \/>\n<meta name=\"twitter:card\" content=\"summary_large_image\" \/>\n<meta name=\"twitter:label1\" content=\"Tempo de lectura\" \/>\n\t<meta name=\"twitter:data1\" content=\"1 minuto\" \/>\n<script type=\"application\/ld+json\" class=\"yoast-schema-graph\">{\"@context\":\"https:\\\/\\\/schema.org\",\"@graph\":[{\"@type\":\"WebPage\",\"@id\":\"https:\\\/\\\/myblog-gz3o2pzy2d.live-website.com\\\/redes-sociales\\\/\",\"url\":\"https:\\\/\\\/myblog-gz3o2pzy2d.live-website.com\\\/redes-sociales\\\/\",\"name\":\"Redes Sociales - ENV&Eacute;S\",\"isPartOf\":{\"@id\":\"https:\\\/\\\/myblog-gz3o2pzy2d.live-website.com\\\/#website\"},\"primaryImageOfPage\":{\"@id\":\"https:\\\/\\\/myblog-gz3o2pzy2d.live-website.com\\\/redes-sociales\\\/#primaryimage\"},\"image\":{\"@id\":\"https:\\\/\\\/myblog-gz3o2pzy2d.live-website.com\\\/redes-sociales\\\/#primaryimage\"},\"thumbnailUrl\":\"https:\\\/\\\/envesrevenue.com\\\/wp-content\\\/uploads\\\/2019\\\/12\\\/servicios-redessociales.jpg\",\"datePublished\":\"2019-11-18T10:29:44+00:00\",\"dateModified\":\"2020-01-22T10:29:09+00:00\",\"breadcrumb\":{\"@id\":\"https:\\\/\\\/myblog-gz3o2pzy2d.live-website.com\\\/redes-sociales\\\/#breadcrumb\"},\"inLanguage\":\"gl-ES\",\"potentialAction\":[{\"@type\":\"ReadAction\",\"target\":[\"https:\\\/\\\/myblog-gz3o2pzy2d.live-website.com\\\/redes-sociales\\\/\"]}]},{\"@type\":\"ImageObject\",\"inLanguage\":\"gl-ES\",\"@id\":\"https:\\\/\\\/myblog-gz3o2pzy2d.live-website.com\\\/redes-sociales\\\/#primaryimage\",\"url\":\"https:\\\/\\\/envesrevenue.com\\\/wp-content\\\/uploads\\\/2019\\\/12\\\/servicios-redessociales.jpg\",\"contentUrl\":\"https:\\\/\\\/envesrevenue.com\\\/wp-content\\\/uploads\\\/2019\\\/12\\\/servicios-redessociales.jpg\",\"width\":535,\"height\":373},{\"@type\":\"BreadcrumbList\",\"@id\":\"https:\\\/\\\/myblog-gz3o2pzy2d.live-website.com\\\/redes-sociales\\\/#breadcrumb\",\"itemListElement\":[{\"@type\":\"ListItem\",\"position\":1,\"name\":\"Home\",\"item\":\"https:\\\/\\\/envesrevenue.com\\\/\"},{\"@type\":\"ListItem\",\"position\":2,\"name\":\"Redes Sociales\"}]},{\"@type\":\"WebSite\",\"@id\":\"https:\\\/\\\/myblog-gz3o2pzy2d.live-website.com\\\/#website\",\"url\":\"https:\\\/\\\/myblog-gz3o2pzy2d.live-website.com\\\/\",\"name\":\"Env\u00e9s Revenue\",\"description\":\"Revenue Management para peque&ntilde;os y medianos alojamientos\",\"publisher\":{\"@id\":\"https:\\\/\\\/myblog-gz3o2pzy2d.live-website.com\\\/#organization\"},\"potentialAction\":[{\"@type\":\"SearchAction\",\"target\":{\"@type\":\"EntryPoint\",\"urlTemplate\":\"https:\\\/\\\/myblog-gz3o2pzy2d.live-website.com\\\/?s={search_term_string}\"},\"query-input\":{\"@type\":\"PropertyValueSpecification\",\"valueRequired\":true,\"valueName\":\"search_term_string\"}}],\"inLanguage\":\"gl-ES\"},{\"@type\":\"Organization\",\"@id\":\"https:\\\/\\\/myblog-gz3o2pzy2d.live-website.com\\\/#organization\",\"name\":\"Env\u00e9s Revenue\",\"url\":\"https:\\\/\\\/myblog-gz3o2pzy2d.live-website.com\\\/\",\"logo\":{\"@type\":\"ImageObject\",\"inLanguage\":\"gl-ES\",\"@id\":\"https:\\\/\\\/myblog-gz3o2pzy2d.live-website.com\\\/#\\\/schema\\\/logo\\\/image\\\/\",\"url\":\"https:\\\/\\\/envesrevenue.com\\\/wp-content\\\/uploads\\\/2019\\\/12\\\/logo-enves.png\",\"contentUrl\":\"https:\\\/\\\/envesrevenue.com\\\/wp-content\\\/uploads\\\/2019\\\/12\\\/logo-enves.png\",\"width\":350,\"height\":250,\"caption\":\"Env\u00e9s Revenue\"},\"image\":{\"@id\":\"https:\\\/\\\/myblog-gz3o2pzy2d.live-website.com\\\/#\\\/schema\\\/logo\\\/image\\\/\"},\"sameAs\":[\"https:\\\/\\\/www.facebook.com\\\/envesrevenue\\\/\"]}]}<\/script>\n<!-- \/ Yoast SEO plugin. -->","yoast_head_json":{"title":"Redes Sociales - ENV&Eacute;S","robots":{"index":"index","follow":"follow","max-snippet":"max-snippet:-1","max-image-preview":"max-image-preview:large","max-video-preview":"max-video-preview:-1"},"canonical":"https:\/\/myblog-gz3o2pzy2d.live-website.com\/redes-sociales\/","og_locale":"gl_ES","og_type":"article","og_title":"Redes Sociales - ENV&Eacute;S","og_url":"https:\/\/myblog-gz3o2pzy2d.live-website.com\/redes-sociales\/","og_site_name":"ENV&Eacute;S","article_publisher":"https:\/\/www.facebook.com\/envesrevenue\/","article_modified_time":"2020-01-22T10:29:09+00:00","og_image":[{"width":535,"height":373,"url":"https:\/\/myblog-gz3o2pzy2d.live-website.com\/wp-content\/uploads\/2019\/12\/servicios-redessociales.jpg","type":"image\/jpeg"}],"twitter_card":"summary_large_image","twitter_misc":{"Tempo de lectura":"1 minuto"},"schema":{"@context":"https:\/\/schema.org","@graph":[{"@type":"WebPage","@id":"https:\/\/myblog-gz3o2pzy2d.live-website.com\/redes-sociales\/","url":"https:\/\/myblog-gz3o2pzy2d.live-website.com\/redes-sociales\/","name":"Redes Sociales - ENV&Eacute;S","isPartOf":{"@id":"https:\/\/myblog-gz3o2pzy2d.live-website.com\/#website"},"primaryImageOfPage":{"@id":"https:\/\/myblog-gz3o2pzy2d.live-website.com\/redes-sociales\/#primaryimage"},"image":{"@id":"https:\/\/myblog-gz3o2pzy2d.live-website.com\/redes-sociales\/#primaryimage"},"thumbnailUrl":"https:\/\/envesrevenue.com\/wp-content\/uploads\/2019\/12\/servicios-redessociales.jpg","datePublished":"2019-11-18T10:29:44+00:00","dateModified":"2020-01-22T10:29:09+00:00","breadcrumb":{"@id":"https:\/\/myblog-gz3o2pzy2d.live-website.com\/redes-sociales\/#breadcrumb"},"inLanguage":"gl-ES","potentialAction":[{"@type":"ReadAction","target":["https:\/\/myblog-gz3o2pzy2d.live-website.com\/redes-sociales\/"]}]},{"@type":"ImageObject","inLanguage":"gl-ES","@id":"https:\/\/myblog-gz3o2pzy2d.live-website.com\/redes-sociales\/#primaryimage","url":"https:\/\/envesrevenue.com\/wp-content\/uploads\/2019\/12\/servicios-redessociales.jpg","contentUrl":"https:\/\/envesrevenue.com\/wp-content\/uploads\/2019\/12\/servicios-redessociales.jpg","width":535,"height":373},{"@type":"BreadcrumbList","@id":"https:\/\/myblog-gz3o2pzy2d.live-website.com\/redes-sociales\/#breadcrumb","itemListElement":[{"@type":"ListItem","position":1,"name":"Home","item":"https:\/\/envesrevenue.com\/"},{"@type":"ListItem","position":2,"name":"Redes Sociales"}]},{"@type":"WebSite","@id":"https:\/\/myblog-gz3o2pzy2d.live-website.com\/#website","url":"https:\/\/myblog-gz3o2pzy2d.live-website.com\/","name":"Env\u00e9s Revenue","description":"Revenue Management para peque&ntilde;os y medianos alojamientos","publisher":{"@id":"https:\/\/myblog-gz3o2pzy2d.live-website.com\/#organization"},"potentialAction":[{"@type":"SearchAction","target":{"@type":"EntryPoint","urlTemplate":"https:\/\/myblog-gz3o2pzy2d.live-website.com\/?s={search_term_string}"},"query-input":{"@type":"PropertyValueSpecification","valueRequired":true,"valueName":"search_term_string"}}],"inLanguage":"gl-ES"},{"@type":"Organization","@id":"https:\/\/myblog-gz3o2pzy2d.live-website.com\/#organization","name":"Env\u00e9s Revenue","url":"https:\/\/myblog-gz3o2pzy2d.live-website.com\/","logo":{"@type":"ImageObject","inLanguage":"gl-ES","@id":"https:\/\/myblog-gz3o2pzy2d.live-website.com\/#\/schema\/logo\/image\/","url":"https:\/\/envesrevenue.com\/wp-content\/uploads\/2019\/12\/logo-enves.png","contentUrl":"https:\/\/envesrevenue.com\/wp-content\/uploads\/2019\/12\/logo-enves.png","width":350,"height":250,"caption":"Env\u00e9s Revenue"},"image":{"@id":"https:\/\/myblog-gz3o2pzy2d.live-website.com\/#\/schema\/logo\/image\/"},"sameAs":["https:\/\/www.facebook.com\/envesrevenue\/"]}]}},"_links":{"self":[{"href":"https:\/\/envesrevenue.com\/gl\/wp-json\/wp\/v2\/pages\/21916","targetHints":{"allow":["GET"]}}],"collection":[{"href":"https:\/\/envesrevenue.com\/gl\/wp-json\/wp\/v2\/pages"}],"about":[{"href":"https:\/\/envesrevenue.com\/gl\/wp-json\/wp\/v2\/types\/page"}],"author":[{"embeddable":true,"href":"https:\/\/envesrevenue.com\/gl\/wp-json\/wp\/v2\/users\/2"}],"replies":[{"embeddable":true,"href":"https:\/\/envesrevenue.com\/gl\/wp-json\/wp\/v2\/comments?post=21916"}],"version-history":[{"count":0,"href":"https:\/\/envesrevenue.com\/gl\/wp-json\/wp\/v2\/pages\/21916\/revisions"}],"wp:featuredmedia":[{"embeddable":true,"href":"https:\/\/envesrevenue.com\/gl\/wp-json\/wp\/v2\/media\/22222"}],"wp:attachment":[{"href":"https:\/\/envesrevenue.com\/gl\/wp-json\/wp\/v2\/media?parent=21916"}],"curies":[{"name":"wp","href":"https:\/\/api.w.org\/{rel}","templated":true}]}}