{"id":22773,"date":"2020-01-08T16:04:27","date_gmt":"2020-01-08T15:04:27","guid":{"rendered":"https:\/\/envesrevenue.com\/politica-de-cookies\/"},"modified":"2020-01-08T16:44:38","modified_gmt":"2020-01-08T15:44:38","slug":"politica-de-cookies","status":"publish","type":"page","link":"https:\/\/envesrevenue.com\/gl\/politica-de-cookies\/","title":{"rendered":"Pol\u00edtica de cookies"},"content":{"rendered":"<p>Una <em>cookie<\/em> es un peque\u00f1o fichero de texto que se almacena en su navegador cuando visita casi cualquier p\u00e1gina web. Su utilidad es que la web sea capaz de recordar su visita cuando vuelva a navegar por esa p\u00e1gina. Las <em>cookies<\/em> suelen almacenar informaci\u00f3n de car\u00e1cter t\u00e9cnico, preferencias personales, personalizaci\u00f3n de contenidos, estad\u00edsticas de uso, enlaces a redes sociales, acceso a cuentas de usuario, etc. El objetivo de la <em>cookie<\/em> es adaptar el contenido de la web a su perfil y necesidades, sin <em>cookies<\/em> los servicios ofrecidos por cualquier p\u00e1gina se ver\u00edan mermados notablemente. Si desea consultar m\u00e1s informaci\u00f3n sobre qu\u00e9 son las <em>cookies<\/em>, qu\u00e9 almacenan, c\u00f3mo eliminarlas, desactivarlas, etc., <a href=\"https:\/\/envesrevenue.com\/mas-informacion-sobre-las-cookies\/\">le rogamos se dirija a este enlace.<\/a><\/p>\n<h2>Cookies utilizadas en este sitio web<\/h2>\n<p>Siguiendo las directrices de la Agencia Espa\u00f1ola de Protecci\u00f3n de Datos procedemos a detallar el uso de <em>cookies<\/em> que hace esta web con el fin de informarle con la m\u00e1xima exactitud posible.<\/p>\n<p>Este sitio web utiliza las siguientes <strong>cookies de terceros<\/strong>:<\/p>\n<ul>\n<li>Cookies de Google Analytics:<\/li>\n<\/ul>\n<table style=\"height: 378px;\" border=\"1\" width=\"848\" cellspacing=\"0\" cellpadding=\"0\" align=\"center\">\n<tbody>\n<tr>\n<td>\u00a0COOKIE<\/td>\n<td>\u00a0DURACI\u00d3N<\/td>\n<td>\u00a0FINALIDAD<\/td>\n<\/tr>\n<tr>\n<td>_atuvc<\/td>\n<td>2 a\u00f1os<\/td>\n<td><\/td>\n<\/tr>\n<tr>\n<td>_ga<\/td>\n<td>2 a\u00f1os<\/td>\n<td>Permite cuantificar n\u00famero de usuarios y realizar medici\u00f3n y an\u00e1lisis estad\u00edstico<\/td>\n<\/tr>\n<tr>\n<td>_utma<\/td>\n<td>2 a\u00f1os<\/td>\n<td>Genera un ID de usuario \u00fanico y registra la fecha, la primera y la \u00faltima vez que el usuario visit\u00f3 la web.<\/td>\n<\/tr>\n<tr>\n<td>_utmb<\/td>\n<td>30 min.<\/td>\n<td>Registra la hora de llegada a la p\u00e1gina, y se elimina autom\u00e1ticamente al cambiar de web o cerrar el navegador.<\/td>\n<\/tr>\n<tr>\n<td>_utmc<\/td>\n<td>De sesi\u00f3n<\/td>\n<td>Determina si transcurridos m\u00e1s de 30 minutos en la misma p\u00e1gina procede o no establecer una nueva sesi\u00f3n para el usuario.<\/td>\n<\/tr>\n<tr>\n<td>_utmt<\/td>\n<td>10 min.<\/td>\n<td>Procesa el tipo de solicitud requerida por el usuario.<\/td>\n<\/tr>\n<tr>\n<td>_utmv<\/td>\n<td>2 a\u00f1os<\/td>\n<td>Permite segmentar datos demogr\u00e1ficos a partir de los datos obtenidos de registro<\/td>\n<\/tr>\n<tr>\n<td>_utmz<\/td>\n<td>6 meses<\/td>\n<td>Almacena el origen del visitante y el camino seguido para acceder a la web. Se actualiza con cada visita al sitio web.<\/td>\n<\/tr>\n<\/tbody>\n<\/table>\n<h2>Desactivaci\u00f3n o eliminaci\u00f3n de cookies<\/h2>\n<p>En cualquier momento podr\u00e1 ejercer su derecho de desactivaci\u00f3n o eliminaci\u00f3n de cookies de este sitio web. Estas acciones se realizan de forma diferente en funci\u00f3n del navegador que est\u00e9 usando. <a href=\"https:\/\/envesrevenue.com\/mas-informacion-sobre-las-cookies\/#navegadores\">Aqu\u00ed le dejamos una gu\u00eda r\u00e1pida para los navegadores m\u00e1s populares<\/a>.<\/p>\n<h2>Notas adicionales<\/h2>\n<ul>\n<li>Ni esta web ni sus representantes legales se hacen responsables ni del contenido ni de la veracidad de las pol\u00edticas de privacidad que puedan tener los terceros mencionados en esta pol\u00edtica de <em>cookies<\/em>.<\/li>\n<li>Los navegadores web son las herramientas encargadas de almacenar las <em>cookies<\/em> y desde este lugar debe efectuar su derecho a eliminaci\u00f3n o desactivaci\u00f3n de las mismas. Ni esta web ni sus representantes legales pueden garantizar la correcta o incorrecta manipulaci\u00f3n de las <em>cookies<\/em> por parte de los mencionados navegadores.<\/li>\n<li>En algunos casos es necesario instalar <em>cookies<\/em> para que el navegador no olvide su decisi\u00f3n de no aceptaci\u00f3n de las mismas.<\/li>\n<li>En el caso de las <em>cookies<\/em> de Google Analytics, esta empresa almacena las <em>cookies<\/em> en servidores ubicados en Estados Unidos y se compromete a no compartirla con terceros, excepto en los casos en los que sea necesario para el funcionamiento del sistema o cuando la ley obligue a tal efecto. Seg\u00fan Google no guarda su direcci\u00f3n IP. Google Inc. es una compa\u00f1\u00eda adherida al Acuerdo de Puerto Seguro que garantiza que todos los datos transferidos ser\u00e1n tratados con un nivel de protecci\u00f3n acorde a la normativa europea. Puede consultar informaci\u00f3n detallada a este respecto <a href=\"http:\/\/safeharbor.export.gov\/companyinfo.aspx?id=16626\" target=\"_blank\" rel=\"noopener noreferrer\">en este enlace<\/a>. Si desea informaci\u00f3n sobre el uso que Google da a las cookies <a href=\"https:\/\/developers.google.com\/analytics\/devguides\/collection\/analyticsjs\/cookie-usage?hl=es&amp;csw=1\" target=\"_blank\" rel=\"noopener noreferrer\">le adjuntamos este otro enlace<\/a>.<\/li>\n<li>Para cualquier duda o consulta acerca de esta pol\u00edtica de <em>cookies<\/em> no dude en comunicarse con nosotros a trav\u00e9s de la secci\u00f3n de contacto.<\/li>\n<\/ul>\n<p>Asesor de Cookies es un <a href=\"http:\/\/wordpress.org\/plugins\/asesor-cookies-para-la-ley-en-espana\/\" target=\"_blank\" rel=\"noopener noreferrer\">plugin para WordPress<\/a><\/p>","protected":false},"excerpt":{"rendered":"<p>Una cookie es un peque\u00f1o fichero de texto que se almacena en su navegador cuando visita casi cualquier p\u00e1gina web. Su utilidad es que la web sea capaz de recordar su visita cuando vuelva a navegar por esa p\u00e1gina. Las cookies suelen almacenar informaci\u00f3n de&#8230;<\/p>","protected":false},"author":1,"featured_media":0,"parent":0,"menu_order":0,"comment_status":"closed","ping_status":"closed","template":"","meta":{"footnotes":""},"class_list":["post-22773","page","type-page","status-publish","hentry"],"yoast_head":"<!-- This site is optimized with the Yoast SEO plugin v27.4 - https:\/\/yoast.com\/product\/yoast-seo-wordpress\/ -->\n<title>Pol\u00edtica de cookies - ENV&Eacute;S<\/title>\n<meta name=\"robots\" content=\"index, follow, max-snippet:-1, max-image-preview:large, max-video-preview:-1\" \/>\n<link rel=\"canonical\" href=\"https:\/\/myblog-gz3o2pzy2d.live-website.com\/politica-de-cookies\/\" \/>\n<meta property=\"og:locale\" content=\"gl_ES\" \/>\n<meta property=\"og:type\" content=\"article\" \/>\n<meta property=\"og:title\" content=\"Pol\u00edtica de cookies - ENV&Eacute;S\" \/>\n<meta property=\"og:description\" content=\"Una cookie es un peque\u00f1o fichero de texto que se almacena en su navegador cuando visita casi cualquier p\u00e1gina web. Su utilidad es que la web sea capaz de recordar su visita cuando vuelva a navegar por esa p\u00e1gina. Las cookies suelen almacenar informaci\u00f3n de...\" \/>\n<meta property=\"og:url\" content=\"https:\/\/myblog-gz3o2pzy2d.live-website.com\/politica-de-cookies\/\" \/>\n<meta property=\"og:site_name\" content=\"ENV&Eacute;S\" \/>\n<meta property=\"article:publisher\" content=\"https:\/\/www.facebook.com\/envesrevenue\/\" \/>\n<meta property=\"article:modified_time\" content=\"2020-01-08T15:44:38+00:00\" \/>\n<meta name=\"twitter:card\" content=\"summary_large_image\" \/>\n<meta name=\"twitter:label1\" content=\"Tempo de lectura\" \/>\n\t<meta name=\"twitter:data1\" content=\"3 minutos\" \/>\n<script type=\"application\/ld+json\" class=\"yoast-schema-graph\">{\"@context\":\"https:\\\/\\\/schema.org\",\"@graph\":[{\"@type\":\"WebPage\",\"@id\":\"https:\\\/\\\/myblog-gz3o2pzy2d.live-website.com\\\/politica-de-cookies\\\/\",\"url\":\"https:\\\/\\\/myblog-gz3o2pzy2d.live-website.com\\\/politica-de-cookies\\\/\",\"name\":\"Pol\u00edtica de cookies - ENV&Eacute;S\",\"isPartOf\":{\"@id\":\"https:\\\/\\\/myblog-gz3o2pzy2d.live-website.com\\\/#website\"},\"datePublished\":\"2020-01-08T15:04:27+00:00\",\"dateModified\":\"2020-01-08T15:44:38+00:00\",\"breadcrumb\":{\"@id\":\"https:\\\/\\\/myblog-gz3o2pzy2d.live-website.com\\\/politica-de-cookies\\\/#breadcrumb\"},\"inLanguage\":\"gl-ES\",\"potentialAction\":[{\"@type\":\"ReadAction\",\"target\":[\"https:\\\/\\\/myblog-gz3o2pzy2d.live-website.com\\\/politica-de-cookies\\\/\"]}]},{\"@type\":\"BreadcrumbList\",\"@id\":\"https:\\\/\\\/myblog-gz3o2pzy2d.live-website.com\\\/politica-de-cookies\\\/#breadcrumb\",\"itemListElement\":[{\"@type\":\"ListItem\",\"position\":1,\"name\":\"Home\",\"item\":\"https:\\\/\\\/envesrevenue.com\\\/\"},{\"@type\":\"ListItem\",\"position\":2,\"name\":\"Pol\u00edtica de cookies\"}]},{\"@type\":\"WebSite\",\"@id\":\"https:\\\/\\\/myblog-gz3o2pzy2d.live-website.com\\\/#website\",\"url\":\"https:\\\/\\\/myblog-gz3o2pzy2d.live-website.com\\\/\",\"name\":\"Env\u00e9s Revenue\",\"description\":\"Revenue Management para peque&ntilde;os y medianos alojamientos\",\"publisher\":{\"@id\":\"https:\\\/\\\/myblog-gz3o2pzy2d.live-website.com\\\/#organization\"},\"potentialAction\":[{\"@type\":\"SearchAction\",\"target\":{\"@type\":\"EntryPoint\",\"urlTemplate\":\"https:\\\/\\\/myblog-gz3o2pzy2d.live-website.com\\\/?s={search_term_string}\"},\"query-input\":{\"@type\":\"PropertyValueSpecification\",\"valueRequired\":true,\"valueName\":\"search_term_string\"}}],\"inLanguage\":\"gl-ES\"},{\"@type\":\"Organization\",\"@id\":\"https:\\\/\\\/myblog-gz3o2pzy2d.live-website.com\\\/#organization\",\"name\":\"Env\u00e9s Revenue\",\"url\":\"https:\\\/\\\/myblog-gz3o2pzy2d.live-website.com\\\/\",\"logo\":{\"@type\":\"ImageObject\",\"inLanguage\":\"gl-ES\",\"@id\":\"https:\\\/\\\/myblog-gz3o2pzy2d.live-website.com\\\/#\\\/schema\\\/logo\\\/image\\\/\",\"url\":\"https:\\\/\\\/envesrevenue.com\\\/wp-content\\\/uploads\\\/2019\\\/12\\\/logo-enves.png\",\"contentUrl\":\"https:\\\/\\\/envesrevenue.com\\\/wp-content\\\/uploads\\\/2019\\\/12\\\/logo-enves.png\",\"width\":350,\"height\":250,\"caption\":\"Env\u00e9s Revenue\"},\"image\":{\"@id\":\"https:\\\/\\\/myblog-gz3o2pzy2d.live-website.com\\\/#\\\/schema\\\/logo\\\/image\\\/\"},\"sameAs\":[\"https:\\\/\\\/www.facebook.com\\\/envesrevenue\\\/\"]}]}<\/script>\n<!-- \/ Yoast SEO plugin. -->","yoast_head_json":{"title":"Pol\u00edtica de cookies - ENV&Eacute;S","robots":{"index":"index","follow":"follow","max-snippet":"max-snippet:-1","max-image-preview":"max-image-preview:large","max-video-preview":"max-video-preview:-1"},"canonical":"https:\/\/myblog-gz3o2pzy2d.live-website.com\/politica-de-cookies\/","og_locale":"gl_ES","og_type":"article","og_title":"Pol\u00edtica de cookies - ENV&Eacute;S","og_description":"Una cookie es un peque\u00f1o fichero de texto que se almacena en su navegador cuando visita casi cualquier p\u00e1gina web. Su utilidad es que la web sea capaz de recordar su visita cuando vuelva a navegar por esa p\u00e1gina. Las cookies suelen almacenar informaci\u00f3n de...","og_url":"https:\/\/myblog-gz3o2pzy2d.live-website.com\/politica-de-cookies\/","og_site_name":"ENV&Eacute;S","article_publisher":"https:\/\/www.facebook.com\/envesrevenue\/","article_modified_time":"2020-01-08T15:44:38+00:00","twitter_card":"summary_large_image","twitter_misc":{"Tempo de lectura":"3 minutos"},"schema":{"@context":"https:\/\/schema.org","@graph":[{"@type":"WebPage","@id":"https:\/\/myblog-gz3o2pzy2d.live-website.com\/politica-de-cookies\/","url":"https:\/\/myblog-gz3o2pzy2d.live-website.com\/politica-de-cookies\/","name":"Pol\u00edtica de cookies - ENV&Eacute;S","isPartOf":{"@id":"https:\/\/myblog-gz3o2pzy2d.live-website.com\/#website"},"datePublished":"2020-01-08T15:04:27+00:00","dateModified":"2020-01-08T15:44:38+00:00","breadcrumb":{"@id":"https:\/\/myblog-gz3o2pzy2d.live-website.com\/politica-de-cookies\/#breadcrumb"},"inLanguage":"gl-ES","potentialAction":[{"@type":"ReadAction","target":["https:\/\/myblog-gz3o2pzy2d.live-website.com\/politica-de-cookies\/"]}]},{"@type":"BreadcrumbList","@id":"https:\/\/myblog-gz3o2pzy2d.live-website.com\/politica-de-cookies\/#breadcrumb","itemListElement":[{"@type":"ListItem","position":1,"name":"Home","item":"https:\/\/envesrevenue.com\/"},{"@type":"ListItem","position":2,"name":"Pol\u00edtica de cookies"}]},{"@type":"WebSite","@id":"https:\/\/myblog-gz3o2pzy2d.live-website.com\/#website","url":"https:\/\/myblog-gz3o2pzy2d.live-website.com\/","name":"Env\u00e9s Revenue","description":"Revenue Management para peque&ntilde;os y medianos alojamientos","publisher":{"@id":"https:\/\/myblog-gz3o2pzy2d.live-website.com\/#organization"},"potentialAction":[{"@type":"SearchAction","target":{"@type":"EntryPoint","urlTemplate":"https:\/\/myblog-gz3o2pzy2d.live-website.com\/?s={search_term_string}"},"query-input":{"@type":"PropertyValueSpecification","valueRequired":true,"valueName":"search_term_string"}}],"inLanguage":"gl-ES"},{"@type":"Organization","@id":"https:\/\/myblog-gz3o2pzy2d.live-website.com\/#organization","name":"Env\u00e9s Revenue","url":"https:\/\/myblog-gz3o2pzy2d.live-website.com\/","logo":{"@type":"ImageObject","inLanguage":"gl-ES","@id":"https:\/\/myblog-gz3o2pzy2d.live-website.com\/#\/schema\/logo\/image\/","url":"https:\/\/envesrevenue.com\/wp-content\/uploads\/2019\/12\/logo-enves.png","contentUrl":"https:\/\/envesrevenue.com\/wp-content\/uploads\/2019\/12\/logo-enves.png","width":350,"height":250,"caption":"Env\u00e9s Revenue"},"image":{"@id":"https:\/\/myblog-gz3o2pzy2d.live-website.com\/#\/schema\/logo\/image\/"},"sameAs":["https:\/\/www.facebook.com\/envesrevenue\/"]}]}},"_links":{"self":[{"href":"https:\/\/envesrevenue.com\/gl\/wp-json\/wp\/v2\/pages\/22773","targetHints":{"allow":["GET"]}}],"collection":[{"href":"https:\/\/envesrevenue.com\/gl\/wp-json\/wp\/v2\/pages"}],"about":[{"href":"https:\/\/envesrevenue.com\/gl\/wp-json\/wp\/v2\/types\/page"}],"author":[{"embeddable":true,"href":"https:\/\/envesrevenue.com\/gl\/wp-json\/wp\/v2\/users\/1"}],"replies":[{"embeddable":true,"href":"https:\/\/envesrevenue.com\/gl\/wp-json\/wp\/v2\/comments?post=22773"}],"version-history":[{"count":0,"href":"https:\/\/envesrevenue.com\/gl\/wp-json\/wp\/v2\/pages\/22773\/revisions"}],"wp:attachment":[{"href":"https:\/\/envesrevenue.com\/gl\/wp-json\/wp\/v2\/media?parent=22773"}],"curies":[{"name":"wp","href":"https:\/\/api.w.org\/{rel}","templated":true}]}}